{"id":14567,"date":"2021-11-04T17:53:31","date_gmt":"2021-11-04T16:53:31","guid":{"rendered":"https:\/\/staging.armandoalvarez.eurocastaliahost4.com\/politica-de-accesibilidad\/"},"modified":"2022-02-24T15:45:53","modified_gmt":"2022-02-24T14:45:53","slug":"erklarung-zur-barrierefreiheit","status":"publish","type":"page","link":"https:\/\/staging.armandoalvarez.eurocastaliahost4.com\/de\/erklarung-zur-barrierefreiheit\/","title":{"rendered":"Erkl\u00e4rung zur barrierefreiheit"},"content":{"rendered":"<p><div class=\"fusion-fullwidth fullwidth-box fusion-builder-row-1 fusion-flex-container nonhundred-percent-fullwidth non-hundred-percent-height-scrolling\" style=\"--awb-border-radius-top-left:0px;--awb-border-radius-top-right:0px;--awb-border-radius-bottom-right:0px;--awb-border-radius-bottom-left:0px;--awb-padding-bottom:50px;--awb-flex-wrap:wrap;\" ><div class=\"fusion-builder-row fusion-row fusion-flex-align-items-flex-start fusion-flex-content-wrap\" style=\"max-width:1443.75px;margin-left: calc(-5% \/ 2 );margin-right: calc(-5% \/ 2 );\"><div class=\"fusion-layout-column fusion_builder_column fusion-builder-column-0 fusion_builder_column_1_1 1_1 fusion-flex-column\" style=\"--awb-bg-size:cover;--awb-width-large:100%;--awb-margin-top-large:0px;--awb-spacing-right-large:2.375%;--awb-margin-bottom-large:20px;--awb-spacing-left-large:2.375%;--awb-width-medium:100%;--awb-order-medium:0;--awb-spacing-right-medium:2.375%;--awb-spacing-left-medium:2.375%;--awb-width-small:100%;--awb-order-small:0;--awb-spacing-right-small:2.375%;--awb-spacing-left-small:2.375%;\"><div class=\"fusion-column-wrapper fusion-column-has-shadow fusion-flex-justify-content-flex-start fusion-content-layout-column\"><div class=\"fusion-title title fusion-title-1 fusion-sep-none fusion-title-text fusion-title-size-one\" style=\"--awb-margin-bottom:4%;\"><h1 class=\"fusion-title-heading title-heading-left fusion-responsive-typography-calculated\" style=\"margin:0;--fontSize:45;line-height:1.3;\">Erkl\u00e4rung zur barrierefreiheit<\/h1><\/div><div class=\"fusion-text fusion-text-1\"><p>Die Website<strong> www.armandoalvarez.com<\/strong> wurde nach den folgenden Standards und Tools validiert:<\/p>\n<ul>\n<li>Verwendung von W3C-Standards:<\/li>\n<li><a href=\"https:\/\/www.w3.org\/TR\/xhtml1\/#a_dtd_XHTML-1.0-Transitional\">Transitional HTML 1.0-Grammatik<\/a><\/li>\n<li>Grammatik f\u00fcr <a href=\"https:\/\/www.w3.org\/TR\/CSS21\/\">CSS 2.1-Stylesheets<\/a><\/li>\n<li><a href=\"https:\/\/www.discapnet.es\/accesibilidad\/marketing-inclusivo\/accesibilidad-web\">Zug\u00e4nglichkeitsrichtlinien f\u00fcr Webinhalte<\/a> (WCAG Stufe AA)<\/li>\n<li>Darstellung der Elemente auf dem Bildschirm und des Inhalts des Codes in einer logischen Reihenfolge.<\/li>\n<li>Vereinfachtes Navigationssystem, bestehend aus<strong> einem Hauptmen\u00fc<\/strong>.<\/li>\n<li><a href=\"https:\/\/www.w3.org\/TR\/xhtml1\/\">XHTMLStrict<\/a> und <a href=\"https:\/\/www.w3.org\/TR\/CSS21\/\">CSS 2.1<\/a> Grammatik<\/li>\n<li>Zug\u00e4nglichkeitsrichtlinien f\u00fcr Webinhalte (<a href=\"https:\/\/www.w3.org\/TR\/WCAG10\/\">WCAG<\/a> Stufe AA)<\/li>\n<\/ul>\n<p aria-level=\"3\">\u00a0<\/p>\n<p aria-level=\"3\"><strong><span style=\"color: #11619d; font-size: 20px;\">TASTATURKURZBEFEHLE<\/span><\/strong><\/p>\n<p>Die verwendeten Tastaturk\u00fcrzel sind:<\/p>\n<ul>\n<li>h: Startseite<\/li>\n<li>a: Zug\u00e4nglichkeitspolitik<\/li>\n<li>p: Datenschutzerkl\u00e4rung<\/li>\n<li>m: \u00dcbersicht Webseite<\/li>\n<\/ul>\n<p>ie Verwendung der Zugriffstasten wird durch den Browser bestimmt:<\/p>\n<ul>\n<li>Internet Explorer: ALT + Tastenk\u00fcrzel + ENTER<\/li>\n<li>Firefox: ALT + May\u00fasculas + Tastenkombination (in \u00e4lteren Versionen ALT + Tastenkombination)<\/li>\n<li>Opera: CAPS LOCK + ESC + Abk\u00fcrzung<\/li>\n<\/ul>\n<p>Die Website hat die Zug\u00e4nglichkeitsstufe AA, die um einige der zur Stufe AAA geh\u00f6renden Punkte und Empfehlungen erweitert wurde, um die endg\u00fcltige Zug\u00e4nglichkeit zu verbessern.<\/p>\n<\/div><\/div><\/div><\/div><\/div><div class=\"fusion-fullwidth fullwidth-box fusion-builder-row-2 fusion-flex-container hundred-percent-fullwidth non-hundred-percent-height-scrolling\" style=\"--awb-border-radius-top-left:0px;--awb-border-radius-top-right:0px;--awb-border-radius-bottom-right:0px;--awb-border-radius-bottom-left:0px;--awb-padding-right:0px;--awb-padding-left:0px;--awb-margin-top:22px;--awb-margin-bottom:16px;--awb-flex-wrap:wrap;\" ><div class=\"fusion-builder-row fusion-row fusion-flex-align-items-flex-start fusion-flex-content-wrap\" style=\"width:105% !important;max-width:105% !important;margin-left: calc(-5% \/ 2 );margin-right: calc(-5% \/ 2 );\"><div class=\"fusion-layout-column fusion_builder_column fusion-builder-column-1 fusion_builder_column_1_1 1_1 fusion-flex-column\" style=\"--awb-bg-size:cover;--awb-width-large:100%;--awb-margin-top-large:0px;--awb-spacing-right-large:2.375%;--awb-margin-bottom-large:20px;--awb-spacing-left-large:2.375%;--awb-width-medium:100%;--awb-order-medium:0;--awb-spacing-right-medium:2.375%;--awb-spacing-left-medium:2.375%;--awb-width-small:100%;--awb-order-small:0;--awb-spacing-right-small:2.375%;--awb-spacing-left-small:2.375%;\"><div class=\"fusion-column-wrapper fusion-column-has-shadow fusion-flex-justify-content-flex-start fusion-content-layout-column\"><div class=\"fusion-separator fusion-full-width-sep\" style=\"align-self: center;margin-left: auto;margin-right: auto;width:100%;max-width:100%;\"><div class=\"fusion-separator-border sep-single sep-solid\" style=\"--awb-height:20px;--awb-amount:20px;--awb-sep-color:#11619d;border-color:#11619d;border-top-width:1px;\"><\/div><\/div><\/div><\/div><\/div><\/div><\/p>\n","protected":false},"excerpt":{"rendered":"","protected":false},"author":1,"featured_media":0,"parent":0,"menu_order":0,"comment_status":"closed","ping_status":"closed","template":"100-width.php","meta":{"_acf_changed":false,"content-type":"","_lmt_disableupdate":"","_lmt_disable":"","_monsterinsights_skip_tracking":false,"_monsterinsights_sitenote_active":false,"_monsterinsights_sitenote_note":"","_monsterinsights_sitenote_category":0,"footnotes":""},"class_list":["post-14567","page","type-page","status-publish","hentry"],"acf":[],"yoast_head":"<!-- This site is optimized with the Yoast SEO plugin v25.1 - https:\/\/yoast.com\/wordpress\/plugins\/seo\/ -->\n<title>Erkl\u00e4rung zur barrierefreiheit - Armando Alvarez - Soluciones sostenibles<\/title>\n<meta name=\"robots\" content=\"noindex, follow, max-snippet:-1, max-image-preview:large, max-video-preview:-1\" \/>\n<meta property=\"og:locale\" content=\"de_DE\" \/>\n<meta property=\"og:type\" content=\"article\" \/>\n<meta property=\"og:title\" content=\"Erkl\u00e4rung zur barrierefreiheit - Armando Alvarez - Soluciones sostenibles\" \/>\n<meta property=\"og:url\" content=\"https:\/\/staging.armandoalvarez.eurocastaliahost4.com\/de\/erklarung-zur-barrierefreiheit\/\" \/>\n<meta property=\"og:site_name\" content=\"Armando Alvarez - Soluciones sostenibles\" \/>\n<meta property=\"article:modified_time\" content=\"2022-02-24T14:45:53+00:00\" \/>\n<meta name=\"twitter:card\" content=\"summary_large_image\" \/>\n<meta name=\"twitter:label1\" content=\"Gesch\u00e4tzte Lesezeit\" \/>\n\t<meta name=\"twitter:data1\" content=\"3\u00a0Minuten\" \/>\n<script type=\"application\/ld+json\" class=\"yoast-schema-graph\">{\"@context\":\"https:\/\/schema.org\",\"@graph\":[{\"@type\":\"WebPage\",\"@id\":\"https:\/\/staging.armandoalvarez.eurocastaliahost4.com\/de\/erklarung-zur-barrierefreiheit\/\",\"url\":\"https:\/\/staging.armandoalvarez.eurocastaliahost4.com\/de\/erklarung-zur-barrierefreiheit\/\",\"name\":\"Erkl\u00e4rung zur barrierefreiheit - Armando Alvarez - Soluciones sostenibles\",\"isPartOf\":{\"@id\":\"https:\/\/staging.armandoalvarez.eurocastaliahost4.com\/de\/#website\"},\"datePublished\":\"2021-11-04T16:53:31+00:00\",\"dateModified\":\"2022-02-24T14:45:53+00:00\",\"breadcrumb\":{\"@id\":\"https:\/\/staging.armandoalvarez.eurocastaliahost4.com\/de\/erklarung-zur-barrierefreiheit\/#breadcrumb\"},\"inLanguage\":\"de\",\"potentialAction\":[{\"@type\":\"ReadAction\",\"target\":[\"https:\/\/staging.armandoalvarez.eurocastaliahost4.com\/de\/erklarung-zur-barrierefreiheit\/\"]}]},{\"@type\":\"BreadcrumbList\",\"@id\":\"https:\/\/staging.armandoalvarez.eurocastaliahost4.com\/de\/erklarung-zur-barrierefreiheit\/#breadcrumb\",\"itemListElement\":[{\"@type\":\"ListItem\",\"position\":1,\"name\":\"Portada\",\"item\":\"https:\/\/staging.armandoalvarez.eurocastaliahost4.com\/de\/\"},{\"@type\":\"ListItem\",\"position\":2,\"name\":\"Erkl\u00e4rung zur barrierefreiheit\"}]},{\"@type\":\"WebSite\",\"@id\":\"https:\/\/staging.armandoalvarez.eurocastaliahost4.com\/de\/#website\",\"url\":\"https:\/\/staging.armandoalvarez.eurocastaliahost4.com\/de\/\",\"name\":\"Armando Alvarez - Soluciones sostenibles\",\"description\":\"Innovaci\u00f3n, compromiso y respeto por el entorno son nuestros valores\",\"potentialAction\":[{\"@type\":\"SearchAction\",\"target\":{\"@type\":\"EntryPoint\",\"urlTemplate\":\"https:\/\/staging.armandoalvarez.eurocastaliahost4.com\/de\/?s={search_term_string}\"},\"query-input\":{\"@type\":\"PropertyValueSpecification\",\"valueRequired\":true,\"valueName\":\"search_term_string\"}}],\"inLanguage\":\"de\"}]}<\/script>\n<!-- \/ Yoast SEO plugin. -->","yoast_head_json":{"title":"Erkl\u00e4rung zur barrierefreiheit - Armando Alvarez - Soluciones sostenibles","robots":{"index":"noindex","follow":"follow","max-snippet":"max-snippet:-1","max-image-preview":"max-image-preview:large","max-video-preview":"max-video-preview:-1"},"og_locale":"de_DE","og_type":"article","og_title":"Erkl\u00e4rung zur barrierefreiheit - Armando Alvarez - Soluciones sostenibles","og_url":"https:\/\/staging.armandoalvarez.eurocastaliahost4.com\/de\/erklarung-zur-barrierefreiheit\/","og_site_name":"Armando Alvarez - Soluciones sostenibles","article_modified_time":"2022-02-24T14:45:53+00:00","twitter_card":"summary_large_image","twitter_misc":{"Gesch\u00e4tzte Lesezeit":"3\u00a0Minuten"},"schema":{"@context":"https:\/\/schema.org","@graph":[{"@type":"WebPage","@id":"https:\/\/staging.armandoalvarez.eurocastaliahost4.com\/de\/erklarung-zur-barrierefreiheit\/","url":"https:\/\/staging.armandoalvarez.eurocastaliahost4.com\/de\/erklarung-zur-barrierefreiheit\/","name":"Erkl\u00e4rung zur barrierefreiheit - Armando Alvarez - Soluciones sostenibles","isPartOf":{"@id":"https:\/\/staging.armandoalvarez.eurocastaliahost4.com\/de\/#website"},"datePublished":"2021-11-04T16:53:31+00:00","dateModified":"2022-02-24T14:45:53+00:00","breadcrumb":{"@id":"https:\/\/staging.armandoalvarez.eurocastaliahost4.com\/de\/erklarung-zur-barrierefreiheit\/#breadcrumb"},"inLanguage":"de","potentialAction":[{"@type":"ReadAction","target":["https:\/\/staging.armandoalvarez.eurocastaliahost4.com\/de\/erklarung-zur-barrierefreiheit\/"]}]},{"@type":"BreadcrumbList","@id":"https:\/\/staging.armandoalvarez.eurocastaliahost4.com\/de\/erklarung-zur-barrierefreiheit\/#breadcrumb","itemListElement":[{"@type":"ListItem","position":1,"name":"Portada","item":"https:\/\/staging.armandoalvarez.eurocastaliahost4.com\/de\/"},{"@type":"ListItem","position":2,"name":"Erkl\u00e4rung zur barrierefreiheit"}]},{"@type":"WebSite","@id":"https:\/\/staging.armandoalvarez.eurocastaliahost4.com\/de\/#website","url":"https:\/\/staging.armandoalvarez.eurocastaliahost4.com\/de\/","name":"Armando Alvarez - Soluciones sostenibles","description":"Innovaci\u00f3n, compromiso y respeto por el entorno son nuestros valores","potentialAction":[{"@type":"SearchAction","target":{"@type":"EntryPoint","urlTemplate":"https:\/\/staging.armandoalvarez.eurocastaliahost4.com\/de\/?s={search_term_string}"},"query-input":{"@type":"PropertyValueSpecification","valueRequired":true,"valueName":"search_term_string"}}],"inLanguage":"de"}]}},"_links":{"self":[{"href":"https:\/\/staging.armandoalvarez.eurocastaliahost4.com\/de\/wp-json\/wp\/v2\/pages\/14567","targetHints":{"allow":["GET"]}}],"collection":[{"href":"https:\/\/staging.armandoalvarez.eurocastaliahost4.com\/de\/wp-json\/wp\/v2\/pages"}],"about":[{"href":"https:\/\/staging.armandoalvarez.eurocastaliahost4.com\/de\/wp-json\/wp\/v2\/types\/page"}],"author":[{"embeddable":true,"href":"https:\/\/staging.armandoalvarez.eurocastaliahost4.com\/de\/wp-json\/wp\/v2\/users\/1"}],"replies":[{"embeddable":true,"href":"https:\/\/staging.armandoalvarez.eurocastaliahost4.com\/de\/wp-json\/wp\/v2\/comments?post=14567"}],"version-history":[{"count":5,"href":"https:\/\/staging.armandoalvarez.eurocastaliahost4.com\/de\/wp-json\/wp\/v2\/pages\/14567\/revisions"}],"predecessor-version":[{"id":27825,"href":"https:\/\/staging.armandoalvarez.eurocastaliahost4.com\/de\/wp-json\/wp\/v2\/pages\/14567\/revisions\/27825"}],"wp:attachment":[{"href":"https:\/\/staging.armandoalvarez.eurocastaliahost4.com\/de\/wp-json\/wp\/v2\/media?parent=14567"}],"curies":[{"name":"wp","href":"https:\/\/api.w.org\/{rel}","templated":true}]}}