{"id":14578,"date":"2021-11-04T18:46:48","date_gmt":"2021-11-04T17:46:48","guid":{"rendered":"https:\/\/staging.armandoalvarez.eurocastaliahost4.com\/politica-de-cookies\/"},"modified":"2025-02-12T13:08:50","modified_gmt":"2025-02-12T12:08:50","slug":"erklaerung-zur-verwendung-von-cookies","status":"publish","type":"page","link":"https:\/\/staging.armandoalvarez.eurocastaliahost4.com\/de\/erklaerung-zur-verwendung-von-cookies\/","title":{"rendered":"Erkl\u00e4rung zur Verwendung von Cookies"},"content":{"rendered":"<p><div class=\"fusion-fullwidth fullwidth-box fusion-builder-row-1 fusion-flex-container nonhundred-percent-fullwidth non-hundred-percent-height-scrolling\" style=\"--awb-border-radius-top-left:0px;--awb-border-radius-top-right:0px;--awb-border-radius-bottom-right:0px;--awb-border-radius-bottom-left:0px;--awb-padding-bottom:50px;--awb-flex-wrap:wrap;\" ><div class=\"fusion-builder-row fusion-row fusion-flex-align-items-flex-start fusion-flex-content-wrap\" style=\"max-width:1443.75px;margin-left: calc(-5% \/ 2 );margin-right: calc(-5% \/ 2 );\"><div class=\"fusion-layout-column fusion_builder_column fusion-builder-column-0 fusion_builder_column_1_1 1_1 fusion-flex-column\" style=\"--awb-bg-size:cover;--awb-width-large:100%;--awb-margin-top-large:0px;--awb-spacing-right-large:2.375%;--awb-margin-bottom-large:20px;--awb-spacing-left-large:2.375%;--awb-width-medium:100%;--awb-order-medium:0;--awb-spacing-right-medium:2.375%;--awb-spacing-left-medium:2.375%;--awb-width-small:100%;--awb-order-small:0;--awb-spacing-right-small:2.375%;--awb-spacing-left-small:2.375%;\"><div class=\"fusion-column-wrapper fusion-column-has-shadow fusion-flex-justify-content-flex-start fusion-content-layout-column\"><div class=\"fusion-title title fusion-title-1 fusion-sep-none fusion-title-text fusion-title-size-one\" style=\"--awb-margin-bottom:4%;\"><h1 class=\"fusion-title-heading title-heading-left fusion-responsive-typography-calculated\" style=\"margin:0;--fontSize:45;line-height:1.3;\">Erkl\u00e4rung zur Verwendung von Cookies<\/h1><\/div><div class=\"fusion-text fusion-text-1\"><p><strong><span style=\"color: #11619d; font-size: 20px;\">Was sind Cookies?<\/span><\/strong><\/p>\n<p>Ein Cookie ist jede Art von Datenspeicher- und -abrufeinrichtung, die auf dem Endger\u00e4t eines Nutzers verwendet wird, um Informationen zu speichern und bereits gespeicherte Informationen abzurufen.<\/p>\n<p>Cookies sind Teil der Webseite. Wenn Sie auf die Webseite zugreifen, veranlasst dies den Browser, kleine Dateien mit Informationen auf Ihrem Ger\u00e4t (Computer, Tablet, Telefon,\u00a0usw.) zu erstellen. Diese Dateien (die eigentlichen Cookies) k\u00f6nnen Teil der f\u00fcr das reibungslose Funktionieren der Webseite erforderlichen Technologie sein und sind nicht per se sch\u00e4dlich, wenngleich Sie die Art der Cookies \u00fcberpr\u00fcfen k\u00f6nnen, um ihren Zweck zu best\u00e4tigen.<\/p>\n<p>Cookies werden auf Ihrem Ger\u00e4t installiert und gespeichert und erm\u00f6glichen die Verfolgung Ihrer Internetaktivit\u00e4ten.<\/p>\n<p>Sie k\u00f6nnen die Verwendung von Cookies zus\u00e4tzlich zum Cookie-Hinweis zu Beginn der Sitzung in den Einstellungen Ihres Browsers konfigurieren, wenngleich Sie sich bewusst sein sollten, dass gegebenenfalls die Webseite oder einige ihrer Bereiche m\u00f6glicherweise nicht richtig funktionieren.<\/p>\n<p>Nach geltendem Recht d\u00fcrfen Cookies auf Ihrem Ger\u00e4t gespeichert werden, solange sie f\u00fcr den Betrieb der Webseite unbedingt erforderlich sind. F\u00fcr alle anderen Arten von Cookies ist Ihre ausdr\u00fcckliche Zustimmung erforderlich, wor\u00fcber wir Sie in unserer Erkl\u00e4rung zur Verwendung von Cookies in Kenntnis setzen.<\/p>\n<p>Diese Webseite verwendet verschiedene Arten von Cookies. Einige Cookies werden von Diensten Dritter gesetzt, die auf unseren Seiten erscheinen.<\/p>\n<p>Sie k\u00f6nnen Ihre Zustimmung zu ihrer Verwendung jederzeit \u00e4ndern oder widerrufen.<\/p>\n<p>Weitere Informationen \u00fcber uns, wie Sie mit uns Kontakt aufnehmen k\u00f6nnen und wie wir personenbezogene Daten verarbeiten, finden Sie in der Datenschutzerkl\u00e4rung auf dieser Webseite.<\/p>\n<p>Je nach Zweck werden Cookies in die folgenden Kategorien eingeteilt:<\/p>\n<ul>\n<li><strong>Technische Cookies:<\/strong> Cookies, die es dem Nutzer erm\u00f6glichen, durch eine Webseite, Plattform oder Anwendung zu navigieren und die verschiedenen darin vorhandenen Optionen oder Dienste zu nutzen, einschlie\u00dflich derjenigen, die der Herausgeber verwendet, um die Verwaltung und den Betrieb der Webseite zu erm\u00f6glichen und ihre Funktionen und Dienste einzurichten, wie z.\u00a0B. Kontrolle des Datenverkehrs und der Datenkommunikation, Identifizierung bei der Nutzeranmeldung, Aufruf zugangsbeschr\u00e4nkter Teile der Webseite, Speicherung der Elemente einer Bestellung, Kaufprozess einer Bestellung, Zahlungsabwicklung, Betrugsbek\u00e4mpfung im Zusammenhang mit der Sicherheit des Dienstes, Anmeldung oder Teilnahme an einer Veranstaltung, Z\u00e4hlung der Besuche zur Abrechnung von Software-Lizenzen zum Betrieb der Dienste (Webseite, Plattform oder Anwendung), Nutzung von Sicherheitsfunktionen beim Browsen, Speicherung von Inhalten f\u00fcr die \u00dcbertragung von Videos oder Ton, Aktivierung dynamischer Inhalte (z.\u00a0B. Animation des Ladens von Text oder Bildern) oder Teilen von Inhalten \u00fcber soziale Netzwerke. Zu dieser Kategorie geh\u00f6ren aufgrund ihres technischen Charakters auch solche Cookies, die eine m\u00f6glichst effiziente Verwaltung der Werbepl\u00e4tze erm\u00f6glichen, die der Herausgeber als weiteres Element der Gestaltung oder des \u201eLayouts\u201c des dem Nutzer angebotenen Dienstes auf einer Webseite, Anwendung oder Plattform anhand von Kriterien wie dem bearbeiteten Inhalt eingef\u00fcgt hat, ohne Informationen \u00fcber den Nutzer zu anderen Zwecken, etwa der Personalisierung dieser Werbeinhalte oder anderer Inhalte, zu sammeln.<\/li>\n<li><strong>Pr\u00e4ferenz- oder Personalisierungs-Cookies:<\/strong> Solche Cookies erm\u00f6glichen es, Informationen zu speichern, damit der Nutzer auf den Dienst mit bestimmten Features zugreifen kann, die eine differenzierte Nutzererfahrung bieten, wie z.\u00a0B. die Spracheinstellung, die Anzahl der angezeigten Suchergebnisse, das Erscheinungsbild oder der Inhalt des Dienstes in Abh\u00e4ngigkeit von der Art des vom Nutzer f\u00fcr den Zugriff auf den Dienst verwendeten Browsers oder der Region, aus der der Nutzer auf den Dienst zugreift,\u00a0usw.<\/li>\n<li><strong>Analyse- oder Mess-Cookies:<\/strong> Diese Cookies erm\u00f6glichen es dem Verantwortlichen der Cookies, das Verhalten der Nutzer der Webseiten, mit denen sie verkn\u00fcpft sind, zu beobachten und zu analysieren, einschlie\u00dflich der Quantifizierung der Werbungwirkung. Die durch diese Art von Cookie gesammelten Informationen werden verwendet, um die Aktivit\u00e4t der Webseite, der Anwendung oder der Plattform zu messen, um auf der Grundlage der Analyse der Daten \u00fcber die Nutzung des Dienstes Verbesserungen vornehmen zu k\u00f6nnen.<\/li>\n<li><strong>Cookies f\u00fcr verhaltensbasierte Werbung:<\/strong> Sie speichern Daten \u00fcber das Nutzerverhalten, die durch die kontinuierliche Beobachtung der Surfgewohnheiten gewonnen werden, und dienen zur Erstellung eines spezifischen Profils f\u00fcr die Anzeige darauf basierter Werbung.<\/li>\n<\/ul>\n<p>Je nachdem, wie lange Sie auf dem Endger\u00e4t aktiv bleiben, unterscheiden wir zwischen Cookies:<\/p>\n<ul>\n<li><strong>Sitzungscookies:<\/strong> Diese sind dazu bestimmt, Daten zu sammeln und zu speichern, w\u00e4hrend der Nutzer auf eine Webseite zugreift, und werden automatisch bei Beendigung der Sitzung vom Browser entfernt.<\/li>\n<li><strong>Dauerhafte Cookies:<\/strong> Cookies, bei denen die Daten im Endger\u00e4t gespeichert bleiben und f\u00fcr einen vom f\u00fcr das Cookie Verantwortlichen festgelegten Zeitraum, der von einigen Minuten bis zu mehreren Jahren reichen kann, abgerufen und verarbeitet werden k\u00f6nnen.<\/li>\n<\/ul>\n<p><strong><span style=\"color: #11619d; font-size: 20px;\">Welche Cookies verwenden wir?<\/span><\/strong><\/p>\n<p>Diese Webseite verwendet die folgenden Cookies (unterschieden nach der Organisation, die sie verwaltet):<\/p>\n<ul>\n<li><strong>Eigene Cookies: <\/strong>Cookies, die von einem vom Herausgeber selbst verwalteten Computer oder einer Dom\u00e4ne an das Endger\u00e4t des Benutzers versandt werden und von denen aus der vom Benutzer angeforderte Dienst erbracht wird.<\/li>\n<li><strong>Cookies von Drittanbietern: <\/strong>Cookies, die von einem Computer oder einer Dom\u00e4ne an das Endger\u00e4t des Nutzers gesendet werden, der\/die nicht vom Herausgeber, sondern von einer anderen Organisation verwaltet wird, die die durch die Cookies erfassten Daten verarbeitet.<\/li>\n<\/ul>\n<p>Die Identit\u00e4t dieser Dritten wird im Folgenden n\u00e4her erl\u00e4utert:<\/p>\n<ul>\n<li><strong>Google Analytics:<\/strong> Speichert Cookies, um Statistiken \u00fcber den Verkehr und das Volumen der Besuche auf dieser Webseite zu erstellen. Sie k\u00f6nnen Ihre Einwilligung.<\/li>\n<\/ul>\n<p style=\"padding-left: 40px;\">Im Falle von Google-Analytics-Cookies kann dies einen internationalen Datentransfer beinhalten. Detaillierte Informationen hierzu sowie zur Aus\u00fcbung der diesbez\u00fcglichen Rechte erhalten Sie, indem Sie sich direkt an Google wenden: Google \u2013 <a href=\"https:\/\/policies.google.com\/technologies\/cookies\" target=\"_blank\" rel=\"noopener noreferrer\">Information<\/a><\/p>\n<ul>\n<li><strong>Social Media:<\/strong> Sie k\u00f6nnen Konnektoren mit verschiedenen sozialen Netzwerken wie Twitter, Facebook und Linkedin etc. verwenden. Wenn der Nutzer sich f\u00fcr die Nutzung durch die Registrierung des sozialen Netzwerks entscheidet, erlaubt er diesem, ein dauerhaftes Cookie zu speichern, das seine Identifizierung im Dienst speichert, so dass der Zugriff auf die digitalen Ausgaben bei sp\u00e4teren Besuchen beschleunigt wird. Jedes soziale Netzwerk verwendet seine eigenen Cookies, damit Sie auf die Schaltfl\u00e4chen \u201eGef\u00e4llt mir\u201c oder \u201eTeilen\u201c klicken k\u00f6nnen. Die Aus\u00fcbung der diesbez\u00fcglichen Rechte sollte durch direkte Kommunikation mit den einzelnen sozialen Netzwerken erfolgen Facebook \u2013 <a href=\"https:\/\/www.facebook.com\/privacy\/policies\/cookies\/?entry_point=cookie_policy_redirect&amp;entry=0\" target=\"_blank\" rel=\"noopener noreferrer\">Information<\/a> \u2013 LinkedIn \u2013 <a href=\"https:\/\/www.linkedin.com\/legal\/cookie-policy?_l=es_ES\" target=\"_blank\" rel=\"noopener noreferrer\">Information<\/a> &#8211; Instagram \u2013 <a href=\"https:\/\/help.instagram.com\/1896641480634370\/?helpref=hc_fnav&amp;bc%5b0%5d=Ayuda%20de%20Instagram&amp;bc%5b1%5d=Pol%C3%ADticas%20y%20denuncias\" target=\"_blank\" rel=\"noopener noreferrer\">Information<\/a> &#8211; Youtube \u2013 <a href=\"https:\/\/policies.google.com\/technologies\/cookies\" target=\"_blank\" rel=\"noopener noreferrer\">Information<\/a> \u2013 Twitter \u2013 Information &#8211; Vimeo \u2013 <a href=\"https:\/\/vimeo.com\/cookie_policy\" target=\"_blank\" rel=\"noopener noreferrer\">Information<\/a><\/li>\n<\/ul>\n<p>&nbsp;<\/p>\n<p><strong><span style=\"color: #11619d; font-size: 20px;\">Zus\u00e4tzliche Hinweise<\/span><\/strong><\/p>\n<ul>\n<li>Weder diese Webseite noch ihre gesetzlichen Vertreter sind f\u00fcr den Inhalt oder den Wahrheitsgehalt der Datenschutzerkl\u00e4rungen der in diesen Erkl\u00e4rungen zur Verwendung von Cookies genannten Dritten verantwortlich.<\/li>\n<li>Webbrowser sind f\u00fcr die Speicherung von Cookies verantwortlichen Tools \u00fcber die Sie Ihr Recht auf L\u00f6schung bzw. Deaktivierung aus\u00fcben k\u00f6nnen. Weder diese Webseite noch ihre gesetzlichen Vertreter k\u00f6nnen die korrekte oder inkorrekte Handhabung von Cookies durch die oben genannten Browser garantieren.<\/li>\n<li>In bestimmten F\u00e4llen ist es notwendig, Cookies zu installieren, damit der Browser Ihre Entscheidung, sie nicht zu akzeptieren, nicht vergisst.<\/li>\n<li>Sollten Sie Zweifel oder Fragen zu dieser Cookie-Erkl\u00e4rung haben, wenden Sie sich bitte an uns \u00fcber die in der Datenschutzerkl\u00e4rung dieser Webseite aufgef\u00fchrten Kontaktpersonen.<\/li>\n<\/ul>\n<p>&nbsp;<\/p>\n<p><strong><span style=\"color: #11619d; font-size: 20px;\">M\u00f6glichkeiten zur Neukonfiguration oder Deaktivierung von Cookies<\/span><\/strong><\/p>\n<p>Sie k\u00f6nnen Ihre Cookie-Einstellungen jederzeit \u00e4ndern, indem Sie auf die dunkelgraue Registerkarte \u201eCookie-Einstellungen\u201c klicken, die unten links auf Ihrem Bildschirm erscheint.<\/p>\n<p>Dar\u00fcber hinaus k\u00f6nnen Sie Ihren Browser so einstellen, dass er alle Cookies ablehnt. Bestimmte Funktionen oder Dienste der Webseite k\u00f6nnen jedoch ohne Cookies nicht richtig funktionieren. Die meisten Browser erm\u00f6glichen es Ihnen, Cookies vollst\u00e4ndig zu deaktivieren. Sie k\u00f6nnen also jederzeit w\u00e4hlen, welche Cookies Sie auf dieser Webseite verwenden m\u00f6chten, indem Sie Ihre Browsereinstellungen \u00e4ndern.<\/p>\n<p>Erg\u00e4nzend zu den oben genannten Informationen kann der Nutzer die Verwendung von Cookies auf dieser Webseite jederzeit \u00fcber die nachstehenden Links widerrufen:<\/p>\n<ul>\n<li>F\u00fcr Internet Explorer , klicken <a href=\"https:\/\/support.microsoft.com\/es-es\/windows?ui=es-ES&amp;rs=es-ES&amp;ad=ES\" target=\"_blank\" rel=\"noopener noreferrer\">Sie hier<\/a><\/li>\n<li>F\u00fcr Google Chrome, klicken <a href=\"https:\/\/support.google.com\/chrome\/answer\/95647?hl=en\" target=\"_blank\" rel=\"noopener noreferrer\">Sie hier<\/a><\/li>\n<li>F\u00fcr Safari, klicken <a href=\"https:\/\/support.apple.com\/es-es\/guide\/safari\/sfri11471\/mac\" target=\"_blank\" rel=\"noopener noreferrer\">Sie hier<\/a><\/li>\n<li>F\u00fcr FireFox, klicken <a href=\"https:\/\/support.mozilla.org\/en-US\/kb\/enhanced-tracking-protection-firefox-desktop?redirectlocale=en-US&amp;redirectslug=enable-and-disable-cookies-website-preferences\" target=\"_blank\" rel=\"noopener noreferrer\">Sie hier<\/a><\/li>\n<li>F\u00fcr Safari iOS, klicken <a href=\"https:\/\/support.apple.com\/en-gb\/105082\" target=\"_blank\" rel=\"noopener noreferrer\">Sie hier<\/a><\/li>\n<li>F\u00fcr Google Android, klicken <a href=\"https:\/\/support.google.com\/chrome\/answer\/114662?hl=en&amp;ref_topic=3422740&amp;rd=1\" target=\"_blank\" rel=\"noopener noreferrer\">Sie hier<\/a><\/li>\n<li>F\u00fcr Opera, klicken <a href=\"https:\/\/help.opera.com\/en\/latest\/web-preferences\/#cookies\" target=\"_blank\" rel=\"noopener noreferrer\">Sie hier<\/a><\/li>\n<li>F\u00fcr Dolphin, klicken <a href=\"https:\/\/www.ddcdolphin.com\/privacy-policy\" target=\"_blank\" rel=\"noopener noreferrer\">Sie hier<\/a><\/li>\n<\/ul>\n<p>Wir weisen ferner darauf hin, dass die meisten Browser \u00fcber einen privaten oder Inkognito-Navigationsmodus verf\u00fcgen. Mit dieser Funktion kann der Nutzer die Verwendung von Cookies im Browser unterbinden. Weitere Informationen finden Sie auf der Webseite <a href=\"https:\/\/www.aepd.es\/areas-de-actuacion\/recomendaciones\/informacion\" target=\"_blank\" rel=\"noopener noreferrer\">https:\/\/www.aepd.es\/es\/areas-de-actuacion\/recomendaciones\/informacion<\/a><\/p>\n<\/div><\/div><\/div><\/div><\/div><div class=\"fusion-fullwidth fullwidth-box fusion-builder-row-2 fusion-flex-container hundred-percent-fullwidth non-hundred-percent-height-scrolling\" style=\"--awb-border-radius-top-left:0px;--awb-border-radius-top-right:0px;--awb-border-radius-bottom-right:0px;--awb-border-radius-bottom-left:0px;--awb-padding-right:0px;--awb-padding-left:0px;--awb-margin-top:22px;--awb-margin-bottom:16px;--awb-flex-wrap:wrap;\" ><div class=\"fusion-builder-row fusion-row fusion-flex-align-items-flex-start fusion-flex-content-wrap\" style=\"width:105% !important;max-width:105% !important;margin-left: calc(-5% \/ 2 );margin-right: calc(-5% \/ 2 );\"><div class=\"fusion-layout-column fusion_builder_column fusion-builder-column-1 fusion_builder_column_1_1 1_1 fusion-flex-column\" style=\"--awb-bg-size:cover;--awb-width-large:100%;--awb-margin-top-large:0px;--awb-spacing-right-large:2.375%;--awb-margin-bottom-large:20px;--awb-spacing-left-large:2.375%;--awb-width-medium:100%;--awb-order-medium:0;--awb-spacing-right-medium:2.375%;--awb-spacing-left-medium:2.375%;--awb-width-small:100%;--awb-order-small:0;--awb-spacing-right-small:2.375%;--awb-spacing-left-small:2.375%;\"><div class=\"fusion-column-wrapper fusion-column-has-shadow fusion-flex-justify-content-flex-start fusion-content-layout-column\"><div class=\"fusion-separator fusion-full-width-sep\" style=\"align-self: center;margin-left: auto;margin-right: auto;width:100%;max-width:100%;\"><div class=\"fusion-separator-border sep-single sep-solid\" style=\"--awb-height:20px;--awb-amount:20px;--awb-sep-color:#11619d;border-color:#11619d;border-top-width:1px;\"><\/div><\/div><\/div><\/div><\/div><\/div><\/p>\n","protected":false},"excerpt":{"rendered":"","protected":false},"author":1,"featured_media":0,"parent":0,"menu_order":0,"comment_status":"closed","ping_status":"closed","template":"100-width.php","meta":{"_acf_changed":false,"content-type":"","_lmt_disableupdate":"","_lmt_disable":"","_monsterinsights_skip_tracking":false,"_monsterinsights_sitenote_active":false,"_monsterinsights_sitenote_note":"","_monsterinsights_sitenote_category":0,"footnotes":""},"class_list":["post-14578","page","type-page","status-publish","hentry"],"acf":[],"yoast_head":"<!-- This site is optimized with the Yoast SEO plugin v25.1 - https:\/\/yoast.com\/wordpress\/plugins\/seo\/ -->\n<title>Erkl\u00e4rung zur Verwendung von Cookies - Armando Alvarez - Soluciones sostenibles<\/title>\n<meta name=\"robots\" content=\"noindex, follow, max-snippet:-1, max-image-preview:large, max-video-preview:-1\" \/>\n<meta property=\"og:locale\" content=\"de_DE\" \/>\n<meta property=\"og:type\" content=\"article\" \/>\n<meta property=\"og:title\" content=\"Erkl\u00e4rung zur Verwendung von Cookies - Armando Alvarez - Soluciones sostenibles\" \/>\n<meta property=\"og:url\" content=\"https:\/\/staging.armandoalvarez.eurocastaliahost4.com\/de\/erklaerung-zur-verwendung-von-cookies\/\" \/>\n<meta property=\"og:site_name\" content=\"Armando Alvarez - Soluciones sostenibles\" \/>\n<meta property=\"article:modified_time\" content=\"2025-02-12T12:08:50+00:00\" \/>\n<meta name=\"twitter:card\" content=\"summary_large_image\" \/>\n<meta name=\"twitter:label1\" content=\"Gesch\u00e4tzte Lesezeit\" \/>\n\t<meta name=\"twitter:data1\" content=\"61\u00a0Minuten\" \/>\n<script type=\"application\/ld+json\" class=\"yoast-schema-graph\">{\"@context\":\"https:\/\/schema.org\",\"@graph\":[{\"@type\":\"WebPage\",\"@id\":\"https:\/\/staging.armandoalvarez.eurocastaliahost4.com\/de\/erklaerung-zur-verwendung-von-cookies\/\",\"url\":\"https:\/\/staging.armandoalvarez.eurocastaliahost4.com\/de\/erklaerung-zur-verwendung-von-cookies\/\",\"name\":\"Erkl\u00e4rung zur Verwendung von Cookies - Armando Alvarez - Soluciones sostenibles\",\"isPartOf\":{\"@id\":\"https:\/\/staging.armandoalvarez.eurocastaliahost4.com\/de\/#website\"},\"datePublished\":\"2021-11-04T17:46:48+00:00\",\"dateModified\":\"2025-02-12T12:08:50+00:00\",\"breadcrumb\":{\"@id\":\"https:\/\/staging.armandoalvarez.eurocastaliahost4.com\/de\/erklaerung-zur-verwendung-von-cookies\/#breadcrumb\"},\"inLanguage\":\"de\",\"potentialAction\":[{\"@type\":\"ReadAction\",\"target\":[\"https:\/\/staging.armandoalvarez.eurocastaliahost4.com\/de\/erklaerung-zur-verwendung-von-cookies\/\"]}]},{\"@type\":\"BreadcrumbList\",\"@id\":\"https:\/\/staging.armandoalvarez.eurocastaliahost4.com\/de\/erklaerung-zur-verwendung-von-cookies\/#breadcrumb\",\"itemListElement\":[{\"@type\":\"ListItem\",\"position\":1,\"name\":\"Portada\",\"item\":\"https:\/\/staging.armandoalvarez.eurocastaliahost4.com\/de\/\"},{\"@type\":\"ListItem\",\"position\":2,\"name\":\"Erkl\u00e4rung zur Verwendung von Cookies\"}]},{\"@type\":\"WebSite\",\"@id\":\"https:\/\/staging.armandoalvarez.eurocastaliahost4.com\/de\/#website\",\"url\":\"https:\/\/staging.armandoalvarez.eurocastaliahost4.com\/de\/\",\"name\":\"Armando Alvarez - Soluciones sostenibles\",\"description\":\"Innovaci\u00f3n, compromiso y respeto por el entorno son nuestros valores\",\"potentialAction\":[{\"@type\":\"SearchAction\",\"target\":{\"@type\":\"EntryPoint\",\"urlTemplate\":\"https:\/\/staging.armandoalvarez.eurocastaliahost4.com\/de\/?s={search_term_string}\"},\"query-input\":{\"@type\":\"PropertyValueSpecification\",\"valueRequired\":true,\"valueName\":\"search_term_string\"}}],\"inLanguage\":\"de\"}]}<\/script>\n<!-- \/ Yoast SEO plugin. -->","yoast_head_json":{"title":"Erkl\u00e4rung zur Verwendung von Cookies - Armando Alvarez - Soluciones sostenibles","robots":{"index":"noindex","follow":"follow","max-snippet":"max-snippet:-1","max-image-preview":"max-image-preview:large","max-video-preview":"max-video-preview:-1"},"og_locale":"de_DE","og_type":"article","og_title":"Erkl\u00e4rung zur Verwendung von Cookies - Armando Alvarez - Soluciones sostenibles","og_url":"https:\/\/staging.armandoalvarez.eurocastaliahost4.com\/de\/erklaerung-zur-verwendung-von-cookies\/","og_site_name":"Armando Alvarez - Soluciones sostenibles","article_modified_time":"2025-02-12T12:08:50+00:00","twitter_card":"summary_large_image","twitter_misc":{"Gesch\u00e4tzte Lesezeit":"61\u00a0Minuten"},"schema":{"@context":"https:\/\/schema.org","@graph":[{"@type":"WebPage","@id":"https:\/\/staging.armandoalvarez.eurocastaliahost4.com\/de\/erklaerung-zur-verwendung-von-cookies\/","url":"https:\/\/staging.armandoalvarez.eurocastaliahost4.com\/de\/erklaerung-zur-verwendung-von-cookies\/","name":"Erkl\u00e4rung zur Verwendung von Cookies - Armando Alvarez - Soluciones sostenibles","isPartOf":{"@id":"https:\/\/staging.armandoalvarez.eurocastaliahost4.com\/de\/#website"},"datePublished":"2021-11-04T17:46:48+00:00","dateModified":"2025-02-12T12:08:50+00:00","breadcrumb":{"@id":"https:\/\/staging.armandoalvarez.eurocastaliahost4.com\/de\/erklaerung-zur-verwendung-von-cookies\/#breadcrumb"},"inLanguage":"de","potentialAction":[{"@type":"ReadAction","target":["https:\/\/staging.armandoalvarez.eurocastaliahost4.com\/de\/erklaerung-zur-verwendung-von-cookies\/"]}]},{"@type":"BreadcrumbList","@id":"https:\/\/staging.armandoalvarez.eurocastaliahost4.com\/de\/erklaerung-zur-verwendung-von-cookies\/#breadcrumb","itemListElement":[{"@type":"ListItem","position":1,"name":"Portada","item":"https:\/\/staging.armandoalvarez.eurocastaliahost4.com\/de\/"},{"@type":"ListItem","position":2,"name":"Erkl\u00e4rung zur Verwendung von Cookies"}]},{"@type":"WebSite","@id":"https:\/\/staging.armandoalvarez.eurocastaliahost4.com\/de\/#website","url":"https:\/\/staging.armandoalvarez.eurocastaliahost4.com\/de\/","name":"Armando Alvarez - Soluciones sostenibles","description":"Innovaci\u00f3n, compromiso y respeto por el entorno son nuestros valores","potentialAction":[{"@type":"SearchAction","target":{"@type":"EntryPoint","urlTemplate":"https:\/\/staging.armandoalvarez.eurocastaliahost4.com\/de\/?s={search_term_string}"},"query-input":{"@type":"PropertyValueSpecification","valueRequired":true,"valueName":"search_term_string"}}],"inLanguage":"de"}]}},"_links":{"self":[{"href":"https:\/\/staging.armandoalvarez.eurocastaliahost4.com\/de\/wp-json\/wp\/v2\/pages\/14578","targetHints":{"allow":["GET"]}}],"collection":[{"href":"https:\/\/staging.armandoalvarez.eurocastaliahost4.com\/de\/wp-json\/wp\/v2\/pages"}],"about":[{"href":"https:\/\/staging.armandoalvarez.eurocastaliahost4.com\/de\/wp-json\/wp\/v2\/types\/page"}],"author":[{"embeddable":true,"href":"https:\/\/staging.armandoalvarez.eurocastaliahost4.com\/de\/wp-json\/wp\/v2\/users\/1"}],"replies":[{"embeddable":true,"href":"https:\/\/staging.armandoalvarez.eurocastaliahost4.com\/de\/wp-json\/wp\/v2\/comments?post=14578"}],"version-history":[{"count":5,"href":"https:\/\/staging.armandoalvarez.eurocastaliahost4.com\/de\/wp-json\/wp\/v2\/pages\/14578\/revisions"}],"predecessor-version":[{"id":31323,"href":"https:\/\/staging.armandoalvarez.eurocastaliahost4.com\/de\/wp-json\/wp\/v2\/pages\/14578\/revisions\/31323"}],"wp:attachment":[{"href":"https:\/\/staging.armandoalvarez.eurocastaliahost4.com\/de\/wp-json\/wp\/v2\/media?parent=14578"}],"curies":[{"name":"wp","href":"https:\/\/api.w.org\/{rel}","templated":true}]}}