{"id":21931,"date":"2022-09-26T17:29:37","date_gmt":"2022-09-26T15:29:37","guid":{"rendered":"https:\/\/staging.armandoalvarez.eurocastaliahost4.com\/canal-ethique\/"},"modified":"2022-10-04T12:37:14","modified_gmt":"2022-10-04T10:37:14","slug":"ethik-kanal","status":"publish","type":"page","link":"https:\/\/staging.armandoalvarez.eurocastaliahost4.com\/de\/ethik-kanal\/","title":{"rendered":"Ethik-Kanal\u00a0"},"content":{"rendered":"<p><div class=\"fusion-fullwidth fullwidth-box fusion-builder-row-1 fusion-flex-container nonhundred-percent-fullwidth non-hundred-percent-height-scrolling\" style=\"--awb-border-radius-top-left:0px;--awb-border-radius-top-right:0px;--awb-border-radius-bottom-right:0px;--awb-border-radius-bottom-left:0px;--awb-padding-top:4%;--awb-flex-wrap:wrap;\" ><div class=\"fusion-builder-row fusion-row fusion-flex-align-items-flex-start fusion-flex-content-wrap\" style=\"max-width:1443.75px;margin-left: calc(-5% \/ 2 );margin-right: calc(-5% \/ 2 );\"><div class=\"fusion-layout-column fusion_builder_column fusion-builder-column-0 fusion_builder_column_1_1 1_1 fusion-flex-column\" style=\"--awb-bg-size:cover;--awb-width-large:100%;--awb-margin-top-large:0px;--awb-spacing-right-large:2.375%;--awb-margin-bottom-large:20px;--awb-spacing-left-large:2.375%;--awb-width-medium:100%;--awb-order-medium:0;--awb-spacing-right-medium:2.375%;--awb-spacing-left-medium:2.375%;--awb-width-small:100%;--awb-order-small:0;--awb-spacing-right-small:2.375%;--awb-spacing-left-small:2.375%;\"><div class=\"fusion-column-wrapper fusion-column-has-shadow fusion-flex-justify-content-flex-start fusion-content-layout-column\"><div class=\"fusion-title title fusion-title-1 fusion-sep-none fusion-title-text fusion-title-size-one\" style=\"--awb-text-color:#006099;--awb-font-size:50px;\"><h1 class=\"fusion-title-heading title-heading-left fusion-responsive-typography-calculated\" style=\"margin:0;font-size:1em;--fontSize:50;line-height:1.2;\"><span style=\"color: #d40021;\">Ethik-Kanal\u00a0<\/span><\/h1><\/div><div class=\"fusion-separator fusion-full-width-sep\" style=\"align-self: center;margin-left: auto;margin-right: auto;width:100%;\"><div class=\"fusion-separator-border sep-double sep-solid\" style=\"--awb-height:20px;--awb-amount:20px;--awb-sep-color:rgba(226,226,226,0);border-color:rgba(226,226,226,0);border-top-width:13px;border-bottom-width:13px;\"><\/div><\/div><div class=\"fusion-text fusion-text-1 textoEditor\" style=\"--awb-font-size:17px;\"><p><span data-contrast=\"auto\">Die Armando Alvarez-Gruppe verf\u00fcgt \u00fcber einen Ethik-Kanal f\u00fcr die unkomplizierte und z\u00fcgige Bearbeitung von Meldungen \u00fcber potenziell rechtswidriges oder unregelm\u00e4\u00dfiges Verhalten in allen Unternehmen der Gruppe. Dieser Kanal ist eines der Instrumente des Programms zur Einhaltung von Compliance-Vorschriften zur Vorbeugung und Verringerung des Risikos der Nichteinhaltung. <\/span><\/p>\n<p>&nbsp;<\/p>\n<\/div><div class=\"fusion-text fusion-text-2 textoEditor\" style=\"--awb-font-size:17px;\"><p>\u00a0Dar\u00fcber hinaus tr\u00e4gt dieses Instrument zur Durchf\u00fchrung der\u202fSDG\u202f16-Ziele bei.\u00a0<\/p>\n<p>&nbsp;<\/p>\n<\/div><div class=\"fusion-builder-row fusion-builder-row-inner fusion-row fusion-flex-align-items-flex-start fusion-flex-content-wrap\" style=\"width:105% !important;max-width:105% !important;margin-left: calc(-5% \/ 2 );margin-right: calc(-5% \/ 2 );\"><div class=\"fusion-layout-column fusion_builder_column_inner fusion-builder-nested-column-0 fusion_builder_column_inner_1_3 1_3 fusion-flex-column\" style=\"--awb-bg-size:cover;--awb-width-large:33.333333333333%;--awb-margin-top-large:0px;--awb-spacing-right-large:7.125%;--awb-margin-bottom-large:20px;--awb-spacing-left-large:7.125%;--awb-width-medium:100%;--awb-order-medium:0;--awb-spacing-right-medium:2.375%;--awb-spacing-left-medium:2.375%;--awb-width-small:100%;--awb-order-small:0;--awb-spacing-right-small:2.375%;--awb-spacing-left-small:2.375%;\"><div class=\"fusion-column-wrapper fusion-column-has-shadow fusion-flex-justify-content-flex-start fusion-content-layout-column\"><div class=\"fusion-image-element \" style=\"--awb-caption-title-font-family:var(--h2_typography-font-family);--awb-caption-title-font-weight:var(--h2_typography-font-weight);--awb-caption-title-font-style:var(--h2_typography-font-style);--awb-caption-title-size:var(--h2_typography-font-size);--awb-caption-title-transform:var(--h2_typography-text-transform);--awb-caption-title-line-height:var(--h2_typography-line-height);--awb-caption-title-letter-spacing:var(--h2_typography-letter-spacing);\"><span class=\" fusion-imageframe imageframe-none imageframe-1 hover-type-none\"><img decoding=\"async\" width=\"300\" height=\"300\" alt=\"SDG 16\" title=\"objetivo-16\" src=\"https:\/\/staging.armandoalvarez.eurocastaliahost4.com\/wp-content\/uploads\/2022\/02\/objetivo-16.png\" data-orig-src=\"https:\/\/staging.armandoalvarez.eurocastaliahost4.com\/wp-content\/uploads\/2022\/02\/objetivo-16-300x300.png?_t=1664879767\" class=\"lazyload img-responsive wp-image-13869\" srcset=\"data:image\/svg+xml,%3Csvg%20xmlns%3D%27http%3A%2F%2Fwww.w3.org%2F2000%2Fsvg%27%20width%3D%271440%27%20height%3D%271440%27%20viewBox%3D%270%200%201440%201440%27%3E%3Crect%20width%3D%271440%27%20height%3D%271440%27%20fill-opacity%3D%220%22%2F%3E%3C%2Fsvg%3E\" data-srcset=\"https:\/\/staging.armandoalvarez.eurocastaliahost4.com\/wp-content\/uploads\/2022\/02\/objetivo-16-200x200.png 200w, https:\/\/staging.armandoalvarez.eurocastaliahost4.com\/wp-content\/uploads\/2022\/02\/objetivo-16-400x400.png 400w, https:\/\/staging.armandoalvarez.eurocastaliahost4.com\/wp-content\/uploads\/2022\/02\/objetivo-16-600x600.png 600w, https:\/\/staging.armandoalvarez.eurocastaliahost4.com\/wp-content\/uploads\/2022\/02\/objetivo-16-800x800.png 800w, https:\/\/staging.armandoalvarez.eurocastaliahost4.com\/wp-content\/uploads\/2022\/02\/objetivo-16-1200x1200.png 1200w, https:\/\/staging.armandoalvarez.eurocastaliahost4.com\/wp-content\/uploads\/2022\/02\/objetivo-16.png 1440w\" data-sizes=\"auto\" data-orig-sizes=\"(max-width: 1000px) 100vw, (max-width: 640px) 100vw, 400px\" \/><\/span><\/div><\/div><\/div><div class=\"fusion-layout-column fusion_builder_column_inner fusion-builder-nested-column-1 fusion_builder_column_inner_1_3 1_3 fusion-flex-column\" style=\"--awb-bg-size:cover;--awb-width-large:33.333333333333%;--awb-margin-top-large:0px;--awb-spacing-right-large:7.125%;--awb-margin-bottom-large:20px;--awb-spacing-left-large:7.125%;--awb-width-medium:100%;--awb-order-medium:0;--awb-spacing-right-medium:2.375%;--awb-spacing-left-medium:2.375%;--awb-width-small:100%;--awb-order-small:0;--awb-spacing-right-small:2.375%;--awb-spacing-left-small:2.375%;\"><div class=\"fusion-column-wrapper fusion-column-has-shadow fusion-flex-justify-content-flex-start fusion-content-layout-column\"><\/div><\/div><div class=\"fusion-layout-column fusion_builder_column_inner fusion-builder-nested-column-2 fusion_builder_column_inner_1_3 1_3 fusion-flex-column\" style=\"--awb-bg-size:cover;--awb-width-large:33.333333333333%;--awb-margin-top-large:0px;--awb-spacing-right-large:7.125%;--awb-margin-bottom-large:20px;--awb-spacing-left-large:7.125%;--awb-width-medium:100%;--awb-order-medium:0;--awb-spacing-right-medium:2.375%;--awb-spacing-left-medium:2.375%;--awb-width-small:100%;--awb-order-small:0;--awb-spacing-right-small:2.375%;--awb-spacing-left-small:2.375%;\"><div class=\"fusion-column-wrapper fusion-column-has-shadow fusion-flex-justify-content-flex-start fusion-content-layout-column\"><\/div><\/div><\/div><div class=\"fusion-text fusion-text-3 textoEditor\" style=\"--awb-font-size:17px;\"><p>&nbsp;<\/p>\n<p><span data-contrast=\"auto\">Der Ethik-Kanal steht allen Mitarbeitern, Kunden, Lieferanten und Dritten, die mit der Gruppe in Verbindung stehen, zur Verf\u00fcgung.<\/span> <span data-contrast=\"auto\">Alle von Ihnen gemachten Angaben sind vertraulich. Dar\u00fcber hinaus besteht die M\u00f6glichkeit, Verst\u00f6\u00dfe anonym zu melden.<\/span><\/p>\n<\/div><\/div><\/div><\/div><\/div><div class=\"fusion-fullwidth fullwidth-box fusion-builder-row-2 fusion-flex-container nonhundred-percent-fullwidth non-hundred-percent-height-scrolling fusion-animated\" style=\"--awb-border-radius-top-left:0px;--awb-border-radius-top-right:0px;--awb-border-radius-bottom-right:0px;--awb-border-radius-bottom-left:0px;--awb-margin-top:2%;--awb-background-color:#efefef;--awb-flex-wrap:wrap;\" data-animationType=\"slideInLeft\" data-animationDuration=\"0.8\" data-animationOffset=\"top-into-view\" ><div class=\"fusion-builder-row fusion-row fusion-flex-align-items-flex-start fusion-flex-content-wrap\" style=\"max-width:1443.75px;margin-left: calc(-5% \/ 2 );margin-right: calc(-5% \/ 2 );\"><div class=\"fusion-layout-column fusion_builder_column fusion-builder-column-1 fusion_builder_column_1_1 1_1 fusion-flex-column\" style=\"--awb-padding-top:25px;--awb-padding-bottom:15px;--awb-bg-size:cover;--awb-width-large:100%;--awb-margin-top-large:0px;--awb-spacing-right-large:2.375%;--awb-margin-bottom-large:20px;--awb-spacing-left-large:2.375%;--awb-width-medium:100%;--awb-order-medium:0;--awb-spacing-right-medium:2.375%;--awb-spacing-left-medium:2.375%;--awb-width-small:100%;--awb-order-small:0;--awb-spacing-right-small:2.375%;--awb-spacing-left-small:2.375%;\"><div class=\"fusion-column-wrapper fusion-column-has-shadow fusion-flex-justify-content-flex-start fusion-content-layout-column\"><div class=\"fusion-builder-row fusion-builder-row-inner fusion-row fusion-flex-align-items-flex-start fusion-flex-content-wrap\" style=\"width:105% !important;max-width:105% !important;margin-left: calc(-5% \/ 2 );margin-right: calc(-5% \/ 2 );\"><div class=\"fusion-layout-column fusion_builder_column_inner fusion-builder-nested-column-3 fusion_builder_column_inner_1_1 1_1 fusion-flex-column\" style=\"--awb-bg-position:center center;--awb-bg-size:cover;--awb-width-large:100%;--awb-margin-top-large:0px;--awb-spacing-right-large:2.375%;--awb-margin-bottom-large:20px;--awb-spacing-left-large:2.375%;--awb-width-medium:100%;--awb-order-medium:0;--awb-spacing-right-medium:2.375%;--awb-spacing-left-medium:2.375%;--awb-width-small:100%;--awb-order-small:0;--awb-spacing-right-small:2.375%;--awb-spacing-left-small:2.375%;\"><div class=\"fusion-column-wrapper fusion-column-has-shadow fusion-flex-justify-content-flex-start fusion-content-layout-column\"><div class=\"fusion-text fusion-text-4\" style=\"--awb-content-alignment:center;--awb-font-size:45px;--awb-text-color:#005aa5;--awb-text-font-family:&quot;Montserrat&quot;;--awb-text-font-style:normal;--awb-text-font-weight:700;\"><p data-fusion-font=\"true\"><span class=\"EOP SCXW95179137 BCX0\" data-ccp-props=\"{\">Ethik-Kanal\u00a0<\/span><\/p>\n<\/div><div class=\"fusion-text fusion-text-5\" style=\"--awb-content-alignment:center;--awb-text-font-family:&quot;Montserrat&quot;;--awb-text-font-style:normal;--awb-text-font-weight:700;\"><p>M\u00f6chten Sie Verst\u00f6\u00dfe oder unregelm\u00e4\u00dfiges Verhalten melden?<\/p>\n<\/div><div class=\"fusion-separator fusion-full-width-sep\" style=\"align-self: center;margin-left: auto;margin-right: auto;width:100%;\"><\/div><div style=\"text-align:center;\"><a class=\"fusion-button button-flat fusion-button-default-size button-default fusion-button-default button-1 fusion-button-default-span fusion-button-default-type\" style=\"--button_margin-top:2%;\" target=\"_blank\" rel=\"noopener noreferrer\" href=\"https:\/\/armandoalvarez.canaldenuncia.app\/#\/login\"><span class=\"fusion-button-text awb-button__text awb-button__text--default\">Link zum Kanal <\/span><\/a><\/div><\/div><\/div><\/div><\/div><\/div><\/div><\/div><div class=\"fusion-fullwidth fullwidth-box fusion-builder-row-3 fusion-flex-container hundred-percent-fullwidth non-hundred-percent-height-scrolling\" style=\"--awb-border-radius-top-left:0px;--awb-border-radius-top-right:0px;--awb-border-radius-bottom-right:0px;--awb-border-radius-bottom-left:0px;--awb-padding-right:0px;--awb-padding-left:0px;--awb-padding-bottom-small:0px;--awb-margin-top:0px;--awb-margin-bottom:30px;--awb-flex-wrap:wrap;\" id=\"contenedorDistribuidores\" ><div class=\"fusion-builder-row fusion-row fusion-flex-align-items-stretch fusion-flex-content-wrap\" style=\"width:calc( 100% + 0px ) !important;max-width:calc( 100% + 0px ) !important;margin-left: calc(-0px \/ 2 );margin-right: calc(-0px \/ 2 );\"><\/div><\/div>\n<\/p>\n","protected":false},"excerpt":{"rendered":"","protected":false},"author":1,"featured_media":0,"parent":0,"menu_order":0,"comment_status":"closed","ping_status":"closed","template":"100-width.php","meta":{"_acf_changed":false,"content-type":"","_lmt_disableupdate":"","_lmt_disable":"","_monsterinsights_skip_tracking":false,"_monsterinsights_sitenote_active":false,"_monsterinsights_sitenote_note":"","_monsterinsights_sitenote_category":0,"footnotes":""},"class_list":["post-21931","page","type-page","status-publish","hentry"],"acf":[],"yoast_head":"<!-- This site is optimized with the Yoast SEO plugin v25.1 - https:\/\/yoast.com\/wordpress\/plugins\/seo\/ -->\n<title>Ethik-Kanal\u00a0 - Armando Alvarez - Soluciones sostenibles<\/title>\n<meta name=\"robots\" content=\"noindex, follow, max-snippet:-1, max-image-preview:large, max-video-preview:-1\" \/>\n<meta property=\"og:locale\" content=\"de_DE\" \/>\n<meta property=\"og:type\" content=\"article\" \/>\n<meta property=\"og:title\" content=\"Ethik-Kanal\u00a0 - Armando Alvarez - Soluciones sostenibles\" \/>\n<meta property=\"og:url\" content=\"https:\/\/staging.armandoalvarez.eurocastaliahost4.com\/de\/ethik-kanal\/\" \/>\n<meta property=\"og:site_name\" content=\"Armando Alvarez - Soluciones sostenibles\" \/>\n<meta property=\"article:modified_time\" content=\"2022-10-04T10:37:14+00:00\" \/>\n<meta name=\"twitter:card\" content=\"summary_large_image\" \/>\n<meta name=\"twitter:label1\" content=\"Gesch\u00e4tzte Lesezeit\" \/>\n\t<meta name=\"twitter:data1\" content=\"6\u00a0Minuten\" \/>\n<script type=\"application\/ld+json\" class=\"yoast-schema-graph\">{\"@context\":\"https:\/\/schema.org\",\"@graph\":[{\"@type\":\"WebPage\",\"@id\":\"https:\/\/staging.armandoalvarez.eurocastaliahost4.com\/de\/ethik-kanal\/\",\"url\":\"https:\/\/staging.armandoalvarez.eurocastaliahost4.com\/de\/ethik-kanal\/\",\"name\":\"Ethik-Kanal\u00a0 - Armando Alvarez - Soluciones sostenibles\",\"isPartOf\":{\"@id\":\"https:\/\/staging.armandoalvarez.eurocastaliahost4.com\/de\/#website\"},\"datePublished\":\"2022-09-26T15:29:37+00:00\",\"dateModified\":\"2022-10-04T10:37:14+00:00\",\"breadcrumb\":{\"@id\":\"https:\/\/staging.armandoalvarez.eurocastaliahost4.com\/de\/ethik-kanal\/#breadcrumb\"},\"inLanguage\":\"de\",\"potentialAction\":[{\"@type\":\"ReadAction\",\"target\":[\"https:\/\/staging.armandoalvarez.eurocastaliahost4.com\/de\/ethik-kanal\/\"]}]},{\"@type\":\"BreadcrumbList\",\"@id\":\"https:\/\/staging.armandoalvarez.eurocastaliahost4.com\/de\/ethik-kanal\/#breadcrumb\",\"itemListElement\":[{\"@type\":\"ListItem\",\"position\":1,\"name\":\"Portada\",\"item\":\"https:\/\/staging.armandoalvarez.eurocastaliahost4.com\/de\/\"},{\"@type\":\"ListItem\",\"position\":2,\"name\":\"Ethik-Kanal\u00a0\"}]},{\"@type\":\"WebSite\",\"@id\":\"https:\/\/staging.armandoalvarez.eurocastaliahost4.com\/de\/#website\",\"url\":\"https:\/\/staging.armandoalvarez.eurocastaliahost4.com\/de\/\",\"name\":\"Armando Alvarez - Soluciones sostenibles\",\"description\":\"Innovaci\u00f3n, compromiso y respeto por el entorno son nuestros valores\",\"potentialAction\":[{\"@type\":\"SearchAction\",\"target\":{\"@type\":\"EntryPoint\",\"urlTemplate\":\"https:\/\/staging.armandoalvarez.eurocastaliahost4.com\/de\/?s={search_term_string}\"},\"query-input\":{\"@type\":\"PropertyValueSpecification\",\"valueRequired\":true,\"valueName\":\"search_term_string\"}}],\"inLanguage\":\"de\"}]}<\/script>\n<!-- \/ Yoast SEO plugin. -->","yoast_head_json":{"title":"Ethik-Kanal\u00a0 - Armando Alvarez - Soluciones sostenibles","robots":{"index":"noindex","follow":"follow","max-snippet":"max-snippet:-1","max-image-preview":"max-image-preview:large","max-video-preview":"max-video-preview:-1"},"og_locale":"de_DE","og_type":"article","og_title":"Ethik-Kanal\u00a0 - Armando Alvarez - Soluciones sostenibles","og_url":"https:\/\/staging.armandoalvarez.eurocastaliahost4.com\/de\/ethik-kanal\/","og_site_name":"Armando Alvarez - Soluciones sostenibles","article_modified_time":"2022-10-04T10:37:14+00:00","twitter_card":"summary_large_image","twitter_misc":{"Gesch\u00e4tzte Lesezeit":"6\u00a0Minuten"},"schema":{"@context":"https:\/\/schema.org","@graph":[{"@type":"WebPage","@id":"https:\/\/staging.armandoalvarez.eurocastaliahost4.com\/de\/ethik-kanal\/","url":"https:\/\/staging.armandoalvarez.eurocastaliahost4.com\/de\/ethik-kanal\/","name":"Ethik-Kanal\u00a0 - Armando Alvarez - Soluciones sostenibles","isPartOf":{"@id":"https:\/\/staging.armandoalvarez.eurocastaliahost4.com\/de\/#website"},"datePublished":"2022-09-26T15:29:37+00:00","dateModified":"2022-10-04T10:37:14+00:00","breadcrumb":{"@id":"https:\/\/staging.armandoalvarez.eurocastaliahost4.com\/de\/ethik-kanal\/#breadcrumb"},"inLanguage":"de","potentialAction":[{"@type":"ReadAction","target":["https:\/\/staging.armandoalvarez.eurocastaliahost4.com\/de\/ethik-kanal\/"]}]},{"@type":"BreadcrumbList","@id":"https:\/\/staging.armandoalvarez.eurocastaliahost4.com\/de\/ethik-kanal\/#breadcrumb","itemListElement":[{"@type":"ListItem","position":1,"name":"Portada","item":"https:\/\/staging.armandoalvarez.eurocastaliahost4.com\/de\/"},{"@type":"ListItem","position":2,"name":"Ethik-Kanal\u00a0"}]},{"@type":"WebSite","@id":"https:\/\/staging.armandoalvarez.eurocastaliahost4.com\/de\/#website","url":"https:\/\/staging.armandoalvarez.eurocastaliahost4.com\/de\/","name":"Armando Alvarez - Soluciones sostenibles","description":"Innovaci\u00f3n, compromiso y respeto por el entorno son nuestros valores","potentialAction":[{"@type":"SearchAction","target":{"@type":"EntryPoint","urlTemplate":"https:\/\/staging.armandoalvarez.eurocastaliahost4.com\/de\/?s={search_term_string}"},"query-input":{"@type":"PropertyValueSpecification","valueRequired":true,"valueName":"search_term_string"}}],"inLanguage":"de"}]}},"_links":{"self":[{"href":"https:\/\/staging.armandoalvarez.eurocastaliahost4.com\/de\/wp-json\/wp\/v2\/pages\/21931","targetHints":{"allow":["GET"]}}],"collection":[{"href":"https:\/\/staging.armandoalvarez.eurocastaliahost4.com\/de\/wp-json\/wp\/v2\/pages"}],"about":[{"href":"https:\/\/staging.armandoalvarez.eurocastaliahost4.com\/de\/wp-json\/wp\/v2\/types\/page"}],"author":[{"embeddable":true,"href":"https:\/\/staging.armandoalvarez.eurocastaliahost4.com\/de\/wp-json\/wp\/v2\/users\/1"}],"replies":[{"embeddable":true,"href":"https:\/\/staging.armandoalvarez.eurocastaliahost4.com\/de\/wp-json\/wp\/v2\/comments?post=21931"}],"version-history":[{"count":0,"href":"https:\/\/staging.armandoalvarez.eurocastaliahost4.com\/de\/wp-json\/wp\/v2\/pages\/21931\/revisions"}],"wp:attachment":[{"href":"https:\/\/staging.armandoalvarez.eurocastaliahost4.com\/de\/wp-json\/wp\/v2\/media?parent=21931"}],"curies":[{"name":"wp","href":"https:\/\/api.w.org\/{rel}","templated":true}]}}