{"id":17881,"date":"2021-11-04T17:53:31","date_gmt":"2021-11-04T16:53:31","guid":{"rendered":"https:\/\/staging.armandoalvarez.eurocastaliahost4.com\/politica-de-accesibilidad\/"},"modified":"2022-03-02T13:47:17","modified_gmt":"2022-03-02T12:47:17","slug":"politique-daccessibilite","status":"publish","type":"page","link":"https:\/\/staging.armandoalvarez.eurocastaliahost4.com\/fr\/politique-daccessibilite\/","title":{"rendered":"Politique d\u2019accessibilit\u00e9"},"content":{"rendered":"<p><div class=\"fusion-fullwidth fullwidth-box fusion-builder-row-1 fusion-flex-container nonhundred-percent-fullwidth non-hundred-percent-height-scrolling\" style=\"--awb-border-radius-top-left:0px;--awb-border-radius-top-right:0px;--awb-border-radius-bottom-right:0px;--awb-border-radius-bottom-left:0px;--awb-padding-bottom:50px;--awb-flex-wrap:wrap;\" ><div class=\"fusion-builder-row fusion-row fusion-flex-align-items-flex-start fusion-flex-content-wrap\" style=\"max-width:1443.75px;margin-left: calc(-5% \/ 2 );margin-right: calc(-5% \/ 2 );\"><div class=\"fusion-layout-column fusion_builder_column fusion-builder-column-0 fusion_builder_column_1_1 1_1 fusion-flex-column\" style=\"--awb-bg-size:cover;--awb-width-large:100%;--awb-margin-top-large:0px;--awb-spacing-right-large:2.375%;--awb-margin-bottom-large:20px;--awb-spacing-left-large:2.375%;--awb-width-medium:100%;--awb-order-medium:0;--awb-spacing-right-medium:2.375%;--awb-spacing-left-medium:2.375%;--awb-width-small:100%;--awb-order-small:0;--awb-spacing-right-small:2.375%;--awb-spacing-left-small:2.375%;\"><div class=\"fusion-column-wrapper fusion-column-has-shadow fusion-flex-justify-content-flex-start fusion-content-layout-column\"><div class=\"fusion-title title fusion-title-1 fusion-sep-none fusion-title-text fusion-title-size-one\" style=\"--awb-margin-bottom:4%;\"><h1 class=\"fusion-title-heading title-heading-left fusion-responsive-typography-calculated\" style=\"margin:0;--fontSize:45;line-height:1.3;\">Politique d\u2019accessibilit\u00e9<\/h1><\/div><div class=\"fusion-text fusion-text-1\"><p>Le site Internet<strong> www.armandoalvarez.com<\/strong> a \u00e9t\u00e9 valid\u00e9 selon les normes et outils suivants\u00a0:<\/p>\n<ul>\n<li>Utilisation des normes du\u00a0W3C\u00a0:<\/li>\n<li>Grammaire <a href=\"https:\/\/www.w3.org\/TR\/xhtml1\/#a_dtd_XHTML-1.0-Transitional\">XHTML\u00a01.0 Transitionnelle<\/a><\/li>\n<li>Grammaire pour les feuilles de style\u00a0<a href=\"https:\/\/www.w3.org\/TR\/CSS21\/\">CSS\u00a02.1<\/a><\/li>\n<li><a href=\"https:\/\/www.discapnet.es\/accesibilidad\/marketing-inclusivo\/accesibilidad-web\">Crit\u00e8res d\u2019Accessibilit\u00e9 pour le Contenu Internet<\/a> (WCAG niveau\u00a0AA)<\/li>\n<li>Pr\u00e9sentation des \u00e9l\u00e9ments \u00e0 l\u2019\u00e9cran et des contenus dans le code selon un ordre logique.<\/li>\n<li>Syst\u00e8me de navigation simplifi\u00e9 constitu\u00e9 par un menu principal.<\/li>\n<li>Grammaire <a href=\"https:\/\/www.w3.org\/TR\/xhtml1\/\">XHTML Strict<\/a> et <a href=\"https:\/\/www.w3.org\/TR\/CSS21\/\">CSS\u00a02.1<\/a><\/li>\n<li>Crit\u00e8res d\u2019Accessibilit\u00e9 pour le Contenu Internet (<a href=\"https:\/\/www.w3.org\/TR\/WCAG10\/\">WCAG<\/a> niveau\u00a0AA)<\/li>\n<\/ul>\n<p><strong>\u00a0<\/strong><\/p>\n<p><strong>RACCOURCIS CLAVIER<\/strong><\/p>\n<p>Les raccourcis clavier utilis\u00e9s sont\u00a0:<\/p>\n<ul>\n<li>h\u00a0: Accueil<\/li>\n<li>a\u00a0: Politique d\u2019Accessibilit\u00e9<\/li>\n<li>p\u00a0: Politique de Confidentialit\u00e9<\/li>\n<li>m\u00a0: Plan du Site<\/li>\n<\/ul>\n<p>&nbsp;<\/p>\n<p>L\u2019utilisation des touches d\u2019acc\u00e8s est conditionn\u00e9e par le navigateur\u00a0:<\/p>\n<ul>\n<li>Internet Explorer\u00a0: ALT\u00a0+ raccourci\u00a0+ ENTR\u00c9E<\/li>\n<li>Firefox\u00a0: ALT\u00a0+ Majuscules\u00a0+ raccourci (pour les versions anciennes, ALT\u00a0+ raccourci)<\/li>\n<li>Opera\u00a0: MAJUSCULES\u00a0+ \u00c9CHAP\u00a0+ raccourci<\/li>\n<\/ul>\n<p>&nbsp;<\/p>\n<p>Le site Internet atteint un niveau d\u2019accessibilit\u00e9 AA, agr\u00e9ment\u00e9 de quelques points et de recommandations propres au niveau AAA afin d\u2019am\u00e9liorer son accessibilit\u00e9 finale.<\/p>\n<\/div><\/div><\/div><\/div><\/div><div class=\"fusion-fullwidth fullwidth-box fusion-builder-row-2 fusion-flex-container hundred-percent-fullwidth non-hundred-percent-height-scrolling\" style=\"--awb-border-radius-top-left:0px;--awb-border-radius-top-right:0px;--awb-border-radius-bottom-right:0px;--awb-border-radius-bottom-left:0px;--awb-padding-right:0px;--awb-padding-left:0px;--awb-margin-top:22px;--awb-margin-bottom:16px;--awb-flex-wrap:wrap;\" ><div class=\"fusion-builder-row fusion-row fusion-flex-align-items-flex-start fusion-flex-content-wrap\" style=\"width:105% !important;max-width:105% !important;margin-left: calc(-5% \/ 2 );margin-right: calc(-5% \/ 2 );\"><div class=\"fusion-layout-column fusion_builder_column fusion-builder-column-1 fusion_builder_column_1_1 1_1 fusion-flex-column\" style=\"--awb-bg-size:cover;--awb-width-large:100%;--awb-margin-top-large:0px;--awb-spacing-right-large:2.375%;--awb-margin-bottom-large:20px;--awb-spacing-left-large:2.375%;--awb-width-medium:100%;--awb-order-medium:0;--awb-spacing-right-medium:2.375%;--awb-spacing-left-medium:2.375%;--awb-width-small:100%;--awb-order-small:0;--awb-spacing-right-small:2.375%;--awb-spacing-left-small:2.375%;\"><div class=\"fusion-column-wrapper fusion-column-has-shadow fusion-flex-justify-content-flex-start fusion-content-layout-column\"><div class=\"fusion-separator fusion-full-width-sep\" style=\"align-self: center;margin-left: auto;margin-right: auto;width:100%;max-width:100%;\"><div class=\"fusion-separator-border sep-single sep-solid\" style=\"--awb-height:20px;--awb-amount:20px;--awb-sep-color:#11619d;border-color:#11619d;border-top-width:1px;\"><\/div><\/div><\/div><\/div><\/div><\/div><\/p>\n","protected":false},"excerpt":{"rendered":"","protected":false},"author":1,"featured_media":0,"parent":0,"menu_order":0,"comment_status":"closed","ping_status":"closed","template":"100-width.php","meta":{"_acf_changed":false,"content-type":"","_lmt_disableupdate":"","_lmt_disable":"","_monsterinsights_skip_tracking":false,"_monsterinsights_sitenote_active":false,"_monsterinsights_sitenote_note":"","_monsterinsights_sitenote_category":0,"footnotes":""},"class_list":["post-17881","page","type-page","status-publish","hentry"],"acf":[],"yoast_head":"<!-- This site is optimized with the Yoast SEO plugin v25.1 - https:\/\/yoast.com\/wordpress\/plugins\/seo\/ -->\n<title>Politique d\u2019accessibilit\u00e9 - Armando Alvarez - Soluciones sostenibles<\/title>\n<meta name=\"robots\" content=\"noindex, follow, max-snippet:-1, max-image-preview:large, max-video-preview:-1\" \/>\n<meta property=\"og:locale\" content=\"fr_FR\" \/>\n<meta property=\"og:type\" content=\"article\" \/>\n<meta property=\"og:title\" content=\"Politique d\u2019accessibilit\u00e9 - Armando Alvarez - Soluciones sostenibles\" \/>\n<meta property=\"og:url\" content=\"https:\/\/staging.armandoalvarez.eurocastaliahost4.com\/fr\/politique-daccessibilite\/\" \/>\n<meta property=\"og:site_name\" content=\"Armando Alvarez - Soluciones sostenibles\" \/>\n<meta property=\"article:modified_time\" content=\"2022-03-02T12:47:17+00:00\" \/>\n<meta name=\"twitter:card\" content=\"summary_large_image\" \/>\n<meta name=\"twitter:label1\" content=\"Dur\u00e9e de lecture estim\u00e9e\" \/>\n\t<meta name=\"twitter:data1\" content=\"3 minutes\" \/>\n<script type=\"application\/ld+json\" class=\"yoast-schema-graph\">{\"@context\":\"https:\/\/schema.org\",\"@graph\":[{\"@type\":\"WebPage\",\"@id\":\"https:\/\/staging.armandoalvarez.eurocastaliahost4.com\/fr\/politique-daccessibilite\/\",\"url\":\"https:\/\/staging.armandoalvarez.eurocastaliahost4.com\/fr\/politique-daccessibilite\/\",\"name\":\"Politique d\u2019accessibilit\u00e9 - Armando Alvarez - Soluciones sostenibles\",\"isPartOf\":{\"@id\":\"https:\/\/staging.armandoalvarez.eurocastaliahost4.com\/fr\/#website\"},\"datePublished\":\"2021-11-04T16:53:31+00:00\",\"dateModified\":\"2022-03-02T12:47:17+00:00\",\"breadcrumb\":{\"@id\":\"https:\/\/staging.armandoalvarez.eurocastaliahost4.com\/fr\/politique-daccessibilite\/#breadcrumb\"},\"inLanguage\":\"fr-FR\",\"potentialAction\":[{\"@type\":\"ReadAction\",\"target\":[\"https:\/\/staging.armandoalvarez.eurocastaliahost4.com\/fr\/politique-daccessibilite\/\"]}]},{\"@type\":\"BreadcrumbList\",\"@id\":\"https:\/\/staging.armandoalvarez.eurocastaliahost4.com\/fr\/politique-daccessibilite\/#breadcrumb\",\"itemListElement\":[{\"@type\":\"ListItem\",\"position\":1,\"name\":\"Portada\",\"item\":\"https:\/\/staging.armandoalvarez.eurocastaliahost4.com\/fr\/\"},{\"@type\":\"ListItem\",\"position\":2,\"name\":\"Politique d\u2019accessibilit\u00e9\"}]},{\"@type\":\"WebSite\",\"@id\":\"https:\/\/staging.armandoalvarez.eurocastaliahost4.com\/fr\/#website\",\"url\":\"https:\/\/staging.armandoalvarez.eurocastaliahost4.com\/fr\/\",\"name\":\"Armando Alvarez - Soluciones sostenibles\",\"description\":\"Innovaci\u00f3n, compromiso y respeto por el entorno son nuestros valores\",\"potentialAction\":[{\"@type\":\"SearchAction\",\"target\":{\"@type\":\"EntryPoint\",\"urlTemplate\":\"https:\/\/staging.armandoalvarez.eurocastaliahost4.com\/fr\/?s={search_term_string}\"},\"query-input\":{\"@type\":\"PropertyValueSpecification\",\"valueRequired\":true,\"valueName\":\"search_term_string\"}}],\"inLanguage\":\"fr-FR\"}]}<\/script>\n<!-- \/ Yoast SEO plugin. -->","yoast_head_json":{"title":"Politique d\u2019accessibilit\u00e9 - Armando Alvarez - Soluciones sostenibles","robots":{"index":"noindex","follow":"follow","max-snippet":"max-snippet:-1","max-image-preview":"max-image-preview:large","max-video-preview":"max-video-preview:-1"},"og_locale":"fr_FR","og_type":"article","og_title":"Politique d\u2019accessibilit\u00e9 - Armando Alvarez - Soluciones sostenibles","og_url":"https:\/\/staging.armandoalvarez.eurocastaliahost4.com\/fr\/politique-daccessibilite\/","og_site_name":"Armando Alvarez - Soluciones sostenibles","article_modified_time":"2022-03-02T12:47:17+00:00","twitter_card":"summary_large_image","twitter_misc":{"Dur\u00e9e de lecture estim\u00e9e":"3 minutes"},"schema":{"@context":"https:\/\/schema.org","@graph":[{"@type":"WebPage","@id":"https:\/\/staging.armandoalvarez.eurocastaliahost4.com\/fr\/politique-daccessibilite\/","url":"https:\/\/staging.armandoalvarez.eurocastaliahost4.com\/fr\/politique-daccessibilite\/","name":"Politique d\u2019accessibilit\u00e9 - Armando Alvarez - Soluciones sostenibles","isPartOf":{"@id":"https:\/\/staging.armandoalvarez.eurocastaliahost4.com\/fr\/#website"},"datePublished":"2021-11-04T16:53:31+00:00","dateModified":"2022-03-02T12:47:17+00:00","breadcrumb":{"@id":"https:\/\/staging.armandoalvarez.eurocastaliahost4.com\/fr\/politique-daccessibilite\/#breadcrumb"},"inLanguage":"fr-FR","potentialAction":[{"@type":"ReadAction","target":["https:\/\/staging.armandoalvarez.eurocastaliahost4.com\/fr\/politique-daccessibilite\/"]}]},{"@type":"BreadcrumbList","@id":"https:\/\/staging.armandoalvarez.eurocastaliahost4.com\/fr\/politique-daccessibilite\/#breadcrumb","itemListElement":[{"@type":"ListItem","position":1,"name":"Portada","item":"https:\/\/staging.armandoalvarez.eurocastaliahost4.com\/fr\/"},{"@type":"ListItem","position":2,"name":"Politique d\u2019accessibilit\u00e9"}]},{"@type":"WebSite","@id":"https:\/\/staging.armandoalvarez.eurocastaliahost4.com\/fr\/#website","url":"https:\/\/staging.armandoalvarez.eurocastaliahost4.com\/fr\/","name":"Armando Alvarez - Soluciones sostenibles","description":"Innovaci\u00f3n, compromiso y respeto por el entorno son nuestros valores","potentialAction":[{"@type":"SearchAction","target":{"@type":"EntryPoint","urlTemplate":"https:\/\/staging.armandoalvarez.eurocastaliahost4.com\/fr\/?s={search_term_string}"},"query-input":{"@type":"PropertyValueSpecification","valueRequired":true,"valueName":"search_term_string"}}],"inLanguage":"fr-FR"}]}},"_links":{"self":[{"href":"https:\/\/staging.armandoalvarez.eurocastaliahost4.com\/fr\/wp-json\/wp\/v2\/pages\/17881","targetHints":{"allow":["GET"]}}],"collection":[{"href":"https:\/\/staging.armandoalvarez.eurocastaliahost4.com\/fr\/wp-json\/wp\/v2\/pages"}],"about":[{"href":"https:\/\/staging.armandoalvarez.eurocastaliahost4.com\/fr\/wp-json\/wp\/v2\/types\/page"}],"author":[{"embeddable":true,"href":"https:\/\/staging.armandoalvarez.eurocastaliahost4.com\/fr\/wp-json\/wp\/v2\/users\/1"}],"replies":[{"embeddable":true,"href":"https:\/\/staging.armandoalvarez.eurocastaliahost4.com\/fr\/wp-json\/wp\/v2\/comments?post=17881"}],"version-history":[{"count":5,"href":"https:\/\/staging.armandoalvarez.eurocastaliahost4.com\/fr\/wp-json\/wp\/v2\/pages\/17881\/revisions"}],"predecessor-version":[{"id":27870,"href":"https:\/\/staging.armandoalvarez.eurocastaliahost4.com\/fr\/wp-json\/wp\/v2\/pages\/17881\/revisions\/27870"}],"wp:attachment":[{"href":"https:\/\/staging.armandoalvarez.eurocastaliahost4.com\/fr\/wp-json\/wp\/v2\/media?parent=17881"}],"curies":[{"name":"wp","href":"https:\/\/api.w.org\/{rel}","templated":true}]}}