{"id":17942,"date":"2021-11-04T18:46:48","date_gmt":"2021-11-04T17:46:48","guid":{"rendered":"https:\/\/staging.armandoalvarez.eurocastaliahost4.com\/politica-de-cookies\/"},"modified":"2025-02-12T13:08:50","modified_gmt":"2025-02-12T12:08:50","slug":"politique-de-cookies","status":"publish","type":"page","link":"https:\/\/staging.armandoalvarez.eurocastaliahost4.com\/fr\/politique-de-cookies\/","title":{"rendered":"Politique De Cookies"},"content":{"rendered":"<p><div class=\"fusion-fullwidth fullwidth-box fusion-builder-row-1 fusion-flex-container nonhundred-percent-fullwidth non-hundred-percent-height-scrolling\" style=\"--awb-border-radius-top-left:0px;--awb-border-radius-top-right:0px;--awb-border-radius-bottom-right:0px;--awb-border-radius-bottom-left:0px;--awb-padding-bottom:50px;--awb-flex-wrap:wrap;\" ><div class=\"fusion-builder-row fusion-row fusion-flex-align-items-flex-start fusion-flex-content-wrap\" style=\"max-width:1443.75px;margin-left: calc(-5% \/ 2 );margin-right: calc(-5% \/ 2 );\"><div class=\"fusion-layout-column fusion_builder_column fusion-builder-column-0 fusion_builder_column_1_1 1_1 fusion-flex-column\" style=\"--awb-bg-size:cover;--awb-width-large:100%;--awb-margin-top-large:0px;--awb-spacing-right-large:2.375%;--awb-margin-bottom-large:20px;--awb-spacing-left-large:2.375%;--awb-width-medium:100%;--awb-order-medium:0;--awb-spacing-right-medium:2.375%;--awb-spacing-left-medium:2.375%;--awb-width-small:100%;--awb-order-small:0;--awb-spacing-right-small:2.375%;--awb-spacing-left-small:2.375%;\"><div class=\"fusion-column-wrapper fusion-column-has-shadow fusion-flex-justify-content-flex-start fusion-content-layout-column\"><div class=\"fusion-title title fusion-title-1 fusion-sep-none fusion-title-text fusion-title-size-one\" style=\"--awb-margin-bottom:4%;\"><h1 class=\"fusion-title-heading title-heading-left fusion-responsive-typography-calculated\" style=\"margin:0;--fontSize:45;line-height:1.3;\">Politique De Cookies<\/h1><\/div><div class=\"fusion-text fusion-text-1\"><p><strong><span style=\"color: #11619d; font-size: 20px;\">Qu&rsquo;est-ce qu&rsquo;un cookie ?<\/span><\/strong><\/p>\n<p>Un cookie est tout type de dispositif de stockage et de r\u00e9cup\u00e9ration de donn\u00e9es qui est utilis\u00e9 sur l&rsquo;\u00e9quipement terminal d&rsquo;un utilisateur dans le but de stocker des informations et de r\u00e9cup\u00e9rer les informations d\u00e9j\u00e0 stock\u00e9es.<\/p>\n<p>Les cookies font partie du site Internet. Lorsque vous acc\u00e9dez au site Internet, cela am\u00e8ne le navigateur \u00e0 cr\u00e9er de petits fichiers contenant des informations sur votre appareil (ordinateur, tablette, t\u00e9l\u00e9phone, etc.). Ces fichiers (qui sont les cookies eux-m\u00eames) peuvent faire partie de la technologie n\u00e9cessaire au bon fonctionnement du site Internet et ne sont pas intrins\u00e8quement nuisibles, bien que vous puissiez v\u00e9rifier le type de cookies afin de confirmer les objectifs de ces derniers.<\/p>\n<p>Les cookies sont install\u00e9s et stock\u00e9s sur votre appareil et nous permettent de garder une trace de votre activit\u00e9 sur Internet.<\/p>\n<p>Vous pouvez configurer l&rsquo;utilisation des cookies, outre dans l\u2019Avis de Cookies en d\u00e9but de session, dans la section de configuration de votre navigateur, tout en sachant que, dans ce cas, le site Internet ou certaines de ses sections peuvent ne pas fonctionner correctement.<\/p>\n<p>La l\u00e9gislation actuelle permet de stocker des cookies sur votre appareil tant qu&rsquo;ils sont strictement n\u00e9cessaires au fonctionnement du site Internet. Pour tous les autres types de cookies, votre consentement expr\u00e8s est requis, comme nous vous en informons dans l\u2019Avis de Cookies.<\/p>\n<p>Ce site Internet utilise diff\u00e9rents types de cookies. Certains cookies sont plac\u00e9s par des services tiers qui apparaissent sur nos pages.<\/p>\n<p>Vous pouvez modifier ou retirer \u00e0 tout moment votre consentement \u00e0 leur utilisation.<\/p>\n<p>Pour en savoir plus sur qui nous sommes, sur la fa\u00e7on dont vous pouvez nous contacter et dont nous traitons les donn\u00e9es personnelles, consultez la Politique de Confidentialit\u00e9 disponible sur ce site Internet.<\/p>\n<p>En fonction de leur finalit\u00e9, ils sont r\u00e9partis selon les cat\u00e9gories suivantes :<\/p>\n<ul>\n<li><strong>Cookies techniques\u00a0: <\/strong>Ce sont ceux qui permettent \u00e0 l&rsquo;utilisateur de naviguer sur un site Internet, une plateforme ou une application et l&rsquo;utilisation des diff\u00e9rentes options ou services qui y existent, y compris ceux que l&rsquo;\u00e9diteur utilise pour permettre la gestion et le fonctionnement du site Internet et pour activer ses fonctions et services, comme, par exemple, contr\u00f4ler le trafic et la communication de donn\u00e9es, identifier la session, acc\u00e9der \u00e0 des parties d&rsquo;acc\u00e8s restreint, se souvenir des \u00e9l\u00e9ments qui composent une commande, r\u00e9aliser le processus d&rsquo;achat d&rsquo;une commande, g\u00e9rer le paiement, contr\u00f4ler la fraude li\u00e9e \u00e0 la s\u00e9curit\u00e9 du service, faire la demande d&rsquo;inscription ou de participation \u00e0 un \u00e9v\u00e9nement, compter les visites aux fins de la facturation des licences du logiciel avec lequel le service fonctionne (site Internet, plateforme ou application), utiliser des fonctions de s\u00e9curit\u00e9 lors de la navigation, stocker des contenus pour la diffusion de vid\u00e9os ou de sons, permettre des contenus dynamiques (par exemple, l&rsquo;animation du chargement d\u2019un texte ou d\u2019une image) ou partager des contenus via les r\u00e9seaux sociaux. Appartiennent \u00e9galement \u00e0 cette cat\u00e9gorie, en raison de leur nature technique, les cookies qui permettent de g\u00e9rer, de la mani\u00e8re la plus efficace possible, les espaces publicitaires que, comme autre \u00e9l\u00e9ment de conception ou de \u00a0\u00bb\u00a0mise en page\u00a0\u00a0\u00bb du service offert \u00e0 l&rsquo;utilisateur, l&rsquo;\u00e9diteur aura inclus dans une page Internet, une application ou une plateforme en fonction de crit\u00e8res tels que le contenu \u00e9dit\u00e9, sans collecter d&rsquo;informations aupr\u00e8s des utilisateurs \u00e0 d&rsquo;autres fins, telles que la personnalisation de ce contenu publicitaire ou d&rsquo;autres contenus.<\/li>\n<li><strong>Cookies de pr\u00e9f\u00e9rences ou de personnalisation\u00a0: <\/strong>Il s&rsquo;agit de cookies qui permettent de m\u00e9moriser des informations afin que l&rsquo;utilisateur puisse acc\u00e9der au service avec certaines caract\u00e9ristiques pouvant diff\u00e9rencier son exp\u00e9rience de celle des autres utilisateurs, comme, par exemple, la langue, le nombre de r\u00e9sultats \u00e0 afficher lorsque l&rsquo;utilisateur effectue une recherche, l&rsquo;apparence ou le contenu du service en fonction du type de navigateur \u00e0 travers lequel l&rsquo;utilisateur acc\u00e8de au service ou de la r\u00e9gion depuis laquelle l&rsquo;utilisateur acc\u00e8de au service,\u00a0etc.<\/li>\n<li><strong>Cookies d&rsquo;analyse ou de mesure\u00a0: <\/strong>Il s&rsquo;agit de cookies qui permettent \u00e0 la partie qui en est responsable de suivre et d&rsquo;analyser le comportement des utilisateurs des sites Internet auxquels ils sont li\u00e9s, y compris la quantification des impacts des publicit\u00e9s. Les informations recueillies par ce type de cookies sont utilis\u00e9es dans la mesure de l&rsquo;activit\u00e9 des sites Internet, de l&rsquo;application ou de la plateforme, afin d&rsquo;introduire des am\u00e9liorations bas\u00e9es sur l&rsquo;analyse des donn\u00e9es d&rsquo;utilisation des utilisateurs du service.<\/li>\n<li><strong>Cookies de publicit\u00e9 comportementale\u00a0: <\/strong>Ce sont des cookies qui stockent des informations sur le comportement des utilisateurs obtenues par l&rsquo;observation continue de leurs habitudes de navigation, ce qui permet de d\u00e9velopper un profil sp\u00e9cifique afin d&rsquo;afficher des publicit\u00e9s bas\u00e9es sur ce dernier.<\/li>\n<\/ul>\n<p>En fonction de la p\u00e9riode de permanence active sur le terminal, nous distinguons les cookies entre\u00a0:<\/p>\n<ul>\n<li><strong>Cookies de session\u00a0: <\/strong>Ce sont ceux qui sont con\u00e7us pour collecter et stocker des donn\u00e9es pendant que l&rsquo;utilisateur acc\u00e8de \u00e0 une page Internet et qui disparaissent \u00e0 la fin de la session.<\/li>\n<li><strong>Cookies persistants : <\/strong>Ce sont ceux dont les donn\u00e9es sont encore stock\u00e9es dans le terminal et peuvent \u00eatre consult\u00e9es et trait\u00e9es pendant une p\u00e9riode d\u00e9finie par le responsable du cookie, qui peut aller de quelques minutes \u00e0 plusieurs ann\u00e9es.<\/li>\n<\/ul>\n<p>&nbsp;<\/p>\n<p><strong><span style=\"color: #11619d; font-size: 20px;\">\u00a0Quels sont les cookies que nous utilisons ?<\/span><\/strong><\/p>\n<p>Ce site Internet utilise les cookies suivants (diff\u00e9renci\u00e9s selon l&rsquo;entit\u00e9 qui les g\u00e8re)\u00a0:<\/p>\n<ul>\n<li><strong>Cookies propres\u00a0: <\/strong>Ce sont ceux qui sont envoy\u00e9s \u00e0 l&rsquo;\u00e9quipement terminal de l&rsquo;utilisateur depuis un ordinateur ou un domaine g\u00e9r\u00e9 par l&rsquo;\u00e9diteur lui-m\u00eame et \u00e0 partir duquel le service demand\u00e9 par l&rsquo;utilisateur est fourni.<\/li>\n<li><strong>Cookies de tiers\u00a0: <\/strong>Ce sont ceux qui sont envoy\u00e9s \u00e0 l&rsquo;\u00e9quipement terminal de l&rsquo;utilisateur depuis un ordinateur ou un domaine qui n&rsquo;est pas g\u00e9r\u00e9 par l&rsquo;\u00e9diteur mais par une autre entit\u00e9 qui traite les donn\u00e9es obtenues \u00e0 travers les cookies.<\/li>\n<\/ul>\n<p>L&rsquo;identit\u00e9 de ces tiers est d\u00e9taill\u00e9e ci-apr\u00e8s\u00a0:<\/p>\n<ul>\n<li><strong>Google Analytics\u00a0: <\/strong>Il stocke des cookies pour pouvoir \u00e9tablir des statistiques sur le trafic et le volume des visites sur ce site Internet. Vous pouvez configurer son acceptation par le biais du <em>plugin<\/em> d&rsquo;avis des cookies.<br \/>\nDans le cas des cookies de Google Analytics, cela peut impliquer un transfert international de donn\u00e9es. Vous pouvez consulter les informations d\u00e9taill\u00e9es \u00e0 ce sujet ainsi que l&rsquo;exercice de tout droit en la mati\u00e8re en communiquant directement avec Google : <strong>Google<\/strong> \u2013<a href=\"https:\/\/policies.google.com\/technologies\/cookies\">Information<\/a><\/li>\n<li><strong>R\u00e9seaux sociaux\u00a0: <\/strong>Ils peuvent utiliser des connecteurs avec diff\u00e9rents RRSS tels que Twitter, Facebook, LinkedIn, etc. Si l&rsquo;utilisateur d\u00e9cide d&rsquo;utiliser le registre social, il autorise ledit r\u00e9seau social \u00e0 stocker un cookie persistant qui se souvient de son identification dans le service, tant et si bien que l&rsquo;acc\u00e8s par les utilisateurs aux \u00e9ditions num\u00e9riques s&rsquo;en trouvera acc\u00e9l\u00e9r\u00e9 lors des prochaines visites. Chaque r\u00e9seau social utilise ses propres cookies pour que vous puissiez cliquer sur des boutons tels que J&rsquo;aime ou Partager. L&rsquo;exercice de tout droit en ce sens devra se faire en communiquant directement avec chaque r\u00e9seau social <strong>Facebook <\/strong>\u2013 <a href=\"https:\/\/www.facebook.com\/privacy\/policies\/cookies\/?entry_point=cookie_policy_redirect&amp;entry=0\">Information<\/a> \u2013 <strong>LinkedIn<\/strong> \u2013 <a href=\"https:\/\/www.linkedin.com\/legal\/cookie-policy?_l=es_ES\">Information<\/a> <strong>&#8211; Instagram<\/strong> \u2013 <a href=\"https:\/\/help.instagram.com\/1896641480634370\/?helpref=hc_fnav&amp;bc%5b0%5d=Ayuda%20de%20Instagram&amp;bc%5b1%5d=Pol%C3%ADticas%20y%20denuncias\">Information<\/a> &#8211; <strong>Youtube<\/strong> \u2013 <a href=\"https:\/\/policies.google.com\/technologies\/cookies\">Information<\/a> \u2013 <strong>Twitter<\/strong> \u2013 Information <strong>&#8211; Vimeo<\/strong> \u2013 <a href=\"https:\/\/vimeo.com\/cookie_policy\">Information<\/a><\/li>\n<\/ul>\n<p><strong><span style=\"color: #11619d; font-size: 20px;\">Notes compl\u00e9mentaires<\/span><\/strong><\/p>\n<ul>\n<li>Ni ce site Internet ni ses repr\u00e9sentants l\u00e9gaux ne sont responsables du contenu ou de la v\u00e9racit\u00e9 des politiques de confidentialit\u00e9 que peuvent avoir les tiers mentionn\u00e9s dans cette politique de cookies.<\/li>\n<li>Les navigateurs Internet sont les outils responsables du stockage des cookies et c&rsquo;est \u00e0 partir de l\u00e0 que vous devez exercer votre droit de les supprimer ou de les d\u00e9sactiver. Ni ce site Internet ni ses repr\u00e9sentants l\u00e9gaux ne peuvent garantir le traitement correct ou incorrect des cookies par les navigateurs susmentionn\u00e9s.<\/li>\n<li>Dans certains cas, il est n\u00e9cessaire d&rsquo;installer des cookies pour que le navigateur n&rsquo;oublie pas votre d\u00e9cision de ne pas les accepter.<\/li>\n<li>Si vous avez des doutes ou des questions sur cette politique en mati\u00e8re de cookies, n&rsquo;h\u00e9sitez pas \u00e0 nous contacter aux coordonn\u00e9es indiqu\u00e9es dans la\u00a0 \u00a0 \u00a0 politique de confidentialit\u00e9 de ce site Internet<\/li>\n<\/ul>\n<p>&nbsp;<\/p>\n<p><strong><span style=\"color: #11619d; font-size: 20px;\">Comment reconfigurer ou d\u00e9sactiver les cookies ?<\/span><\/strong><\/p>\n<p>Vous pourrez reconfigurer vos pr\u00e9f\u00e9rences en mati\u00e8re de cookies \u00e0 tout moment en cliquant sur l&rsquo;onglet gris fonc\u00e9 <em>Configuration des Cookies<\/em> qui appara\u00eet en bas \u00e0 gauche de votre \u00e9cran.<\/p>\n<p>En plus de l&rsquo;Avis de Cookies, vous pouvez configurer votre navigateur pour qu&rsquo;il refuse tous les cookies. Toutefois, certaines caract\u00e9ristiques ou certains services du site Internet peuvent ne pas fonctionner correctement sans cookies. La plupart des navigateurs vous permettent de d\u00e9sactiver compl\u00e8tement les cookies. Vous pourrez donc, \u00e0 tout moment, choisir les cookies que vous souhaitez voir fonctionner sur ce site Internet en modifiant les param\u00e8tres de votre navigateur.<\/p>\n<p>Comme garantie compl\u00e9mentaire aux informations fournies pr\u00e9c\u00e9demment, l&rsquo;utilisateur peut, \u00e0 tout moment, r\u00e9voquer le fonctionnement des cookies de ce site Internet \u00e0 travers les liens suivants\u00a0:<\/p>\n<ul>\n<li>Pour Internet Explorer, <a href=\"https:\/\/support.microsoft.com\/es-es\/windows?ui=es-ES&amp;rs=es-ES&amp;ad=ES\">cliquez ici<\/a><\/li>\n<\/ul>\n<ul>\n<li>Pour Google Chrome, <a href=\"https:\/\/support.google.com\/chrome\/answer\/95647?hl=en\">cliquez ici<\/a><\/li>\n<\/ul>\n<ul>\n<li>Pour Safari, <a href=\"https:\/\/support.apple.com\/es-es\/guide\/safari\/sfri11471\/mac\">cliquez ici\u00a0<\/a><\/li>\n<\/ul>\n<ul>\n<li>Pour FireFox, <a href=\"https:\/\/support.mozilla.org\/en-US\/kb\/enhanced-tracking-protection-firefox-desktop?redirectlocale=en-US&amp;redirectslug=enable-and-disable-cookies-website-preferences\">cliquez ici<\/a><\/li>\n<\/ul>\n<ul>\n<li>Pour Safari iOS, <a href=\"https:\/\/support.apple.com\/en-gb\/105082\">cliquez ici<\/a><\/li>\n<\/ul>\n<ul>\n<li>Pour Google Android, <a href=\"https:\/\/support.google.com\/chrome\/answer\/114662?hl=en&amp;ref_topic=3422740&amp;rd=1\">cliquez ici<\/a><\/li>\n<\/ul>\n<ul>\n<li>Pour Opera, <a href=\"https:\/\/help.opera.com\/en\/latest\/web-preferences\/#cookies\">cliquez ici<\/a><\/li>\n<\/ul>\n<ul>\n<li>Pour Dolphin, <a href=\"https:\/\/www.ddcdolphin.com\/privacy-policy\">cliquez ici<\/a><\/li>\n<\/ul>\n<p>&nbsp;<\/p>\n<p>Il convient \u00e9galement de noter que les navigateurs les plus r\u00e9pandus disposent d&rsquo;un mode de navigation priv\u00e9 ou incognito. Cette fonctionnalit\u00e9 aidera l&rsquo;utilisateur \u00e0 \u00e9liminer l&rsquo;utilisation des cookies dans le navigateur. Pour plus d&rsquo;informations, voir le site Internet <a href=\"https:\/\/www.aepd.es\/areas-de-actuacion\/recomendaciones\/informacion\">https:\/\/www.aepd.es\/es\/areas-de-actuacion\/recomendaciones\/informacion<\/a>.<\/p>\n<\/div><\/div><\/div><\/div><\/div><div class=\"fusion-fullwidth fullwidth-box fusion-builder-row-2 fusion-flex-container hundred-percent-fullwidth non-hundred-percent-height-scrolling\" style=\"--awb-border-radius-top-left:0px;--awb-border-radius-top-right:0px;--awb-border-radius-bottom-right:0px;--awb-border-radius-bottom-left:0px;--awb-padding-right:0px;--awb-padding-left:0px;--awb-margin-top:22px;--awb-margin-bottom:16px;--awb-flex-wrap:wrap;\" ><div class=\"fusion-builder-row fusion-row fusion-flex-align-items-flex-start fusion-flex-content-wrap\" style=\"width:105% !important;max-width:105% !important;margin-left: calc(-5% \/ 2 );margin-right: calc(-5% \/ 2 );\"><div class=\"fusion-layout-column fusion_builder_column fusion-builder-column-1 fusion_builder_column_1_1 1_1 fusion-flex-column\" style=\"--awb-bg-size:cover;--awb-width-large:100%;--awb-margin-top-large:0px;--awb-spacing-right-large:2.375%;--awb-margin-bottom-large:20px;--awb-spacing-left-large:2.375%;--awb-width-medium:100%;--awb-order-medium:0;--awb-spacing-right-medium:2.375%;--awb-spacing-left-medium:2.375%;--awb-width-small:100%;--awb-order-small:0;--awb-spacing-right-small:2.375%;--awb-spacing-left-small:2.375%;\"><div class=\"fusion-column-wrapper fusion-column-has-shadow fusion-flex-justify-content-flex-start fusion-content-layout-column\"><div class=\"fusion-separator fusion-full-width-sep\" style=\"align-self: center;margin-left: auto;margin-right: auto;width:100%;max-width:100%;\"><div class=\"fusion-separator-border sep-single sep-solid\" style=\"--awb-height:20px;--awb-amount:20px;--awb-sep-color:#11619d;border-color:#11619d;border-top-width:1px;\"><\/div><\/div><\/div><\/div><\/div><\/div><\/p>\n","protected":false},"excerpt":{"rendered":"","protected":false},"author":1,"featured_media":0,"parent":0,"menu_order":0,"comment_status":"closed","ping_status":"closed","template":"100-width.php","meta":{"_acf_changed":false,"content-type":"","_lmt_disableupdate":"","_lmt_disable":"","_monsterinsights_skip_tracking":false,"_monsterinsights_sitenote_active":false,"_monsterinsights_sitenote_note":"","_monsterinsights_sitenote_category":0,"footnotes":""},"class_list":["post-17942","page","type-page","status-publish","hentry"],"acf":[],"yoast_head":"<!-- This site is optimized with the Yoast SEO plugin v25.1 - https:\/\/yoast.com\/wordpress\/plugins\/seo\/ -->\n<title>Politique De Cookies - Armando Alvarez - Soluciones sostenibles<\/title>\n<meta name=\"robots\" content=\"noindex, follow, max-snippet:-1, max-image-preview:large, max-video-preview:-1\" \/>\n<meta property=\"og:locale\" content=\"fr_FR\" \/>\n<meta property=\"og:type\" content=\"article\" \/>\n<meta property=\"og:title\" content=\"Politique De Cookies - Armando Alvarez - Soluciones sostenibles\" \/>\n<meta property=\"og:url\" content=\"https:\/\/staging.armandoalvarez.eurocastaliahost4.com\/fr\/politique-de-cookies\/\" \/>\n<meta property=\"og:site_name\" content=\"Armando Alvarez - Soluciones sostenibles\" \/>\n<meta property=\"article:modified_time\" content=\"2025-02-12T12:08:50+00:00\" \/>\n<meta name=\"twitter:card\" content=\"summary_large_image\" \/>\n<meta name=\"twitter:label1\" content=\"Dur\u00e9e de lecture estim\u00e9e\" \/>\n\t<meta name=\"twitter:data1\" content=\"61 minutes\" \/>\n<script type=\"application\/ld+json\" class=\"yoast-schema-graph\">{\"@context\":\"https:\/\/schema.org\",\"@graph\":[{\"@type\":\"WebPage\",\"@id\":\"https:\/\/staging.armandoalvarez.eurocastaliahost4.com\/fr\/politique-de-cookies\/\",\"url\":\"https:\/\/staging.armandoalvarez.eurocastaliahost4.com\/fr\/politique-de-cookies\/\",\"name\":\"Politique De Cookies - Armando Alvarez - Soluciones sostenibles\",\"isPartOf\":{\"@id\":\"https:\/\/staging.armandoalvarez.eurocastaliahost4.com\/fr\/#website\"},\"datePublished\":\"2021-11-04T17:46:48+00:00\",\"dateModified\":\"2025-02-12T12:08:50+00:00\",\"breadcrumb\":{\"@id\":\"https:\/\/staging.armandoalvarez.eurocastaliahost4.com\/fr\/politique-de-cookies\/#breadcrumb\"},\"inLanguage\":\"fr-FR\",\"potentialAction\":[{\"@type\":\"ReadAction\",\"target\":[\"https:\/\/staging.armandoalvarez.eurocastaliahost4.com\/fr\/politique-de-cookies\/\"]}]},{\"@type\":\"BreadcrumbList\",\"@id\":\"https:\/\/staging.armandoalvarez.eurocastaliahost4.com\/fr\/politique-de-cookies\/#breadcrumb\",\"itemListElement\":[{\"@type\":\"ListItem\",\"position\":1,\"name\":\"Portada\",\"item\":\"https:\/\/staging.armandoalvarez.eurocastaliahost4.com\/fr\/\"},{\"@type\":\"ListItem\",\"position\":2,\"name\":\"Politique De Cookies\"}]},{\"@type\":\"WebSite\",\"@id\":\"https:\/\/staging.armandoalvarez.eurocastaliahost4.com\/fr\/#website\",\"url\":\"https:\/\/staging.armandoalvarez.eurocastaliahost4.com\/fr\/\",\"name\":\"Armando Alvarez - Soluciones sostenibles\",\"description\":\"Innovaci\u00f3n, compromiso y respeto por el entorno son nuestros valores\",\"potentialAction\":[{\"@type\":\"SearchAction\",\"target\":{\"@type\":\"EntryPoint\",\"urlTemplate\":\"https:\/\/staging.armandoalvarez.eurocastaliahost4.com\/fr\/?s={search_term_string}\"},\"query-input\":{\"@type\":\"PropertyValueSpecification\",\"valueRequired\":true,\"valueName\":\"search_term_string\"}}],\"inLanguage\":\"fr-FR\"}]}<\/script>\n<!-- \/ Yoast SEO plugin. -->","yoast_head_json":{"title":"Politique De Cookies - Armando Alvarez - Soluciones sostenibles","robots":{"index":"noindex","follow":"follow","max-snippet":"max-snippet:-1","max-image-preview":"max-image-preview:large","max-video-preview":"max-video-preview:-1"},"og_locale":"fr_FR","og_type":"article","og_title":"Politique De Cookies - Armando Alvarez - Soluciones sostenibles","og_url":"https:\/\/staging.armandoalvarez.eurocastaliahost4.com\/fr\/politique-de-cookies\/","og_site_name":"Armando Alvarez - Soluciones sostenibles","article_modified_time":"2025-02-12T12:08:50+00:00","twitter_card":"summary_large_image","twitter_misc":{"Dur\u00e9e de lecture estim\u00e9e":"61 minutes"},"schema":{"@context":"https:\/\/schema.org","@graph":[{"@type":"WebPage","@id":"https:\/\/staging.armandoalvarez.eurocastaliahost4.com\/fr\/politique-de-cookies\/","url":"https:\/\/staging.armandoalvarez.eurocastaliahost4.com\/fr\/politique-de-cookies\/","name":"Politique De Cookies - Armando Alvarez - Soluciones sostenibles","isPartOf":{"@id":"https:\/\/staging.armandoalvarez.eurocastaliahost4.com\/fr\/#website"},"datePublished":"2021-11-04T17:46:48+00:00","dateModified":"2025-02-12T12:08:50+00:00","breadcrumb":{"@id":"https:\/\/staging.armandoalvarez.eurocastaliahost4.com\/fr\/politique-de-cookies\/#breadcrumb"},"inLanguage":"fr-FR","potentialAction":[{"@type":"ReadAction","target":["https:\/\/staging.armandoalvarez.eurocastaliahost4.com\/fr\/politique-de-cookies\/"]}]},{"@type":"BreadcrumbList","@id":"https:\/\/staging.armandoalvarez.eurocastaliahost4.com\/fr\/politique-de-cookies\/#breadcrumb","itemListElement":[{"@type":"ListItem","position":1,"name":"Portada","item":"https:\/\/staging.armandoalvarez.eurocastaliahost4.com\/fr\/"},{"@type":"ListItem","position":2,"name":"Politique De Cookies"}]},{"@type":"WebSite","@id":"https:\/\/staging.armandoalvarez.eurocastaliahost4.com\/fr\/#website","url":"https:\/\/staging.armandoalvarez.eurocastaliahost4.com\/fr\/","name":"Armando Alvarez - Soluciones sostenibles","description":"Innovaci\u00f3n, compromiso y respeto por el entorno son nuestros valores","potentialAction":[{"@type":"SearchAction","target":{"@type":"EntryPoint","urlTemplate":"https:\/\/staging.armandoalvarez.eurocastaliahost4.com\/fr\/?s={search_term_string}"},"query-input":{"@type":"PropertyValueSpecification","valueRequired":true,"valueName":"search_term_string"}}],"inLanguage":"fr-FR"}]}},"_links":{"self":[{"href":"https:\/\/staging.armandoalvarez.eurocastaliahost4.com\/fr\/wp-json\/wp\/v2\/pages\/17942","targetHints":{"allow":["GET"]}}],"collection":[{"href":"https:\/\/staging.armandoalvarez.eurocastaliahost4.com\/fr\/wp-json\/wp\/v2\/pages"}],"about":[{"href":"https:\/\/staging.armandoalvarez.eurocastaliahost4.com\/fr\/wp-json\/wp\/v2\/types\/page"}],"author":[{"embeddable":true,"href":"https:\/\/staging.armandoalvarez.eurocastaliahost4.com\/fr\/wp-json\/wp\/v2\/users\/1"}],"replies":[{"embeddable":true,"href":"https:\/\/staging.armandoalvarez.eurocastaliahost4.com\/fr\/wp-json\/wp\/v2\/comments?post=17942"}],"version-history":[{"count":5,"href":"https:\/\/staging.armandoalvarez.eurocastaliahost4.com\/fr\/wp-json\/wp\/v2\/pages\/17942\/revisions"}],"predecessor-version":[{"id":31325,"href":"https:\/\/staging.armandoalvarez.eurocastaliahost4.com\/fr\/wp-json\/wp\/v2\/pages\/17942\/revisions\/31325"}],"wp:attachment":[{"href":"https:\/\/staging.armandoalvarez.eurocastaliahost4.com\/fr\/wp-json\/wp\/v2\/media?parent=17942"}],"curies":[{"name":"wp","href":"https:\/\/api.w.org\/{rel}","templated":true}]}}